{"id":93,"date":"2012-10-24T20:09:46","date_gmt":"2012-10-24T20:09:46","guid":{"rendered":"http:\/\/www.koleje.szprotawa.org.pl\/test\/?page_id=93"},"modified":"2012-10-24T20:09:46","modified_gmt":"2012-10-24T20:09:46","slug":"prosba-o-pomoc","status":"publish","type":"page","link":"http:\/\/www.koleje.szprotawa.org.pl\/test\/prosba-o-pomoc\/","title":{"rendered":"Pro\u015bba o pomoc"},"content":{"rendered":"<p><strong>Autorzy serwisu zwracaj\u0105 si\u0119 z pro\u015bb\u0105 o pomoc w uzupe\u0142nieniu historycznych informacji na temat kolei w naszej okolicy.<\/strong><\/p>\n<p>Je\u017celi masz jakie\u015b zdj\u0119cia (szczeg\u00f3lnie przedwojenne lub powojenne z parowozami), plany, schematy stacji, archiwalne rozk\u0142ady jazdy, historyczne informacje, kt\u00f3re nie zosta\u0142y dot\u0105d umieszczone w serwisie i chcia\u0142by\u015b je udostepni\u0107 to serdecznie zapraszamy.<\/p>\n<p>Prosimy kontaktowa\u0107 si\u0119 drog\u0105 elektroniczn\u0105 poprzez formularz znajduj\u0105cy si\u0119 w dziale Dodatki.<\/p>\n<p><center><strong>Serdecznie dzi\u0119kujemy!!!<\/strong><\/center><\/p>\n","protected":false},"excerpt":{"rendered":"<p>Autorzy serwisu zwracaj\u0105 si\u0119 z pro\u015bb\u0105 o pomoc w uzupe\u0142nieniu historycznych informacji na temat kolei w naszej okolicy. Je\u017celi masz jakie\u015b zdj\u0119cia (szczeg\u00f3lnie przedwojenne lub powojenne z parowozami), plany, schematy stacji, archiwalne rozk\u0142ady jazdy, historyczne informacje, kt\u00f3re nie zosta\u0142y dot\u0105d umieszczone w serwisie i chcia\u0142by\u015b je udostepni\u0107 to serdecznie zapraszamy. Prosimy kontaktowa\u0107 si\u0119 drog\u0105 elektroniczn\u0105 &hellip; <a href=\"http:\/\/www.koleje.szprotawa.org.pl\/test\/prosba-o-pomoc\/\" class=\"more-link\">Czytaj dalej <span class=\"screen-reader-text\">Pro\u015bba o pomoc<\/span><\/a><\/p>\n","protected":false},"author":1,"featured_media":0,"parent":0,"menu_order":0,"comment_status":"open","ping_status":"open","template":"","meta":[],"_links":{"self":[{"href":"http:\/\/www.koleje.szprotawa.org.pl\/test\/wp-json\/wp\/v2\/pages\/93"}],"collection":[{"href":"http:\/\/www.koleje.szprotawa.org.pl\/test\/wp-json\/wp\/v2\/pages"}],"about":[{"href":"http:\/\/www.koleje.szprotawa.org.pl\/test\/wp-json\/wp\/v2\/types\/page"}],"author":[{"embeddable":true,"href":"http:\/\/www.koleje.szprotawa.org.pl\/test\/wp-json\/wp\/v2\/users\/1"}],"replies":[{"embeddable":true,"href":"http:\/\/www.koleje.szprotawa.org.pl\/test\/wp-json\/wp\/v2\/comments?post=93"}],"version-history":[{"count":0,"href":"http:\/\/www.koleje.szprotawa.org.pl\/test\/wp-json\/wp\/v2\/pages\/93\/revisions"}],"wp:attachment":[{"href":"http:\/\/www.koleje.szprotawa.org.pl\/test\/wp-json\/wp\/v2\/media?parent=93"}],"curies":[{"name":"wp","href":"https:\/\/api.w.org\/{rel}","templated":true}]}}