{"id":84,"date":"2012-10-24T19:57:05","date_gmt":"2012-10-24T19:57:05","guid":{"rendered":"http:\/\/www.koleje.szprotawa.org.pl\/test\/?page_id=84"},"modified":"2017-05-13T17:24:55","modified_gmt":"2017-05-13T17:24:55","slug":"studzianka-przystanek-osobowy","status":"publish","type":"page","link":"http:\/\/www.koleje.szprotawa.org.pl\/test\/studzianka-przystanek-osobowy\/","title":{"rendered":"Studzianka &#8211; przystanek osobowy"},"content":{"rendered":"<p><center><img decoding=\"async\" src=\"http:\/\/koleje.szprotawa.org.pl\/theme\/default\/gfx\/p.gif\" alt=\"\" \/>\u00a0<a href=\"http:\/\/kolejzg.tmnet.pl\/topic,1,Studzianka,136,galeria.html\"><strong>Infrastruktura<\/strong><\/a>\u00a0<img decoding=\"async\" src=\"http:\/\/koleje.szprotawa.org.pl\/theme\/default\/gfx\/p.gif\" alt=\"\" \/>\u00a0<a href=\"http:\/\/www.koleje.szprotawa.org.pl\/test\/archiwalne-rozklady-jazdy\/\"><strong>Rozk\u0142ady jazdy<\/strong><\/a><\/center><center><\/center><center><\/center><center><\/center><center><\/center><center><img decoding=\"async\" src=\"http:\/\/koleje.szprotawa.org.pl\/uploads\/images\/st_1.jpg\" alt=\"\" \/><\/center><\/p>\n<p style=\"text-align: justify;\">Przystanek kolejowy Studzianka jest po\u0142o\u017cona przy szlaku Wroc\u0142aw Muchob\u00f3r &#8211; Gubinek (odcinek Legnica &#8211; \u017baga\u0144), na 106 kilometrze od stacji Wroc\u0142aw &#8211; G\u0142\u00f3wny. Miejscowo\u015b\u0107 Studzianka, dla kt\u00f3rej wybudowano stacj\u0119 by\u0142a po\u0142o\u017cona pomi\u0119dzy Lesznem G\u00f3rnym a Wierzbow\u0105 \u015al\u0105sk\u0105. Wie\u015b zosta\u0142a rozebrana w latach 60 tych XX wieku, kiedy w jej pobli\u017cu tworzono poligon lotniczy Armii Radzieckiej. Stacja istnia\u0142a do 2000 roku. Potem budynek dworca zamkni\u0119to, tory bocznicowe powoli rozbierano, budynki stacyjne popada\u0142y w ruin\u0119. Ostatecznie latem 2004 roku rozebrano budynek dworca i inne, kt\u00f3re le\u017ca\u0142y w jego okolicy (szalet, magazyny). Przy stacji znajdowa\u0142a si\u0119 rampa za\u0142adunkowa, kt\u00f3r\u0105 mo\u017cna by\u0142o transportowa\u0107 drewno z lasu. Przed wycofaniem wojsk radzieckich rampa mog\u0142a s\u0142u\u017cy\u0107 do za\u0142adunku czo\u0142g\u00f3w \u0107wicz\u0105cych na pobliskim poligonie.<\/p>\n<p><center><img decoding=\"async\" loading=\"lazy\" src=\"http:\/\/koleje.szprotawa.org.pl\/uploads\/images\/st_2.jpg\" alt=\"\" width=\"492\" height=\"344\" \/><\/center>Pomimo likwidacji i utworzenia przystanku &#8220;w \u015brodku lasu&#8221; nadal zatrzymuj\u0105 si\u0119 tam sk\u0142ady osobowe, kt\u00f3re w sezonie wiosenno &#8211; letnim s\u0105 wykorzystywane przez zbieraczy grzyb\u00f3w i jag\u00f3d. Z zachowanych obiekt\u00f3w kolejowych pozosta\u0142a jedynie nastawnia w zachodniej cz\u0119\u015bci stacji, jest ona jednak mocno zdewastowana i zapewne nied\u0142ugo podzieli los pozosta\u0142ych budynk\u00f3w.<\/p>\n<p><center><img decoding=\"async\" src=\"http:\/\/koleje.szprotawa.org.pl\/theme\/default\/gfx\/p.gif\" alt=\"\" \/>\u00a0<strong><a href=\"http:\/\/www.koleje.szprotawa.org.pl\/test\/linia-nr-275-wroclaw-muchobor-gubinek-odcinek-legnica-zagan\/\">Powr\u00f3t do odcinka Legnica &#8211; \u017baga\u0144<\/a><\/strong><\/center><\/p>\n<div><\/div>\n","protected":false},"excerpt":{"rendered":"<p>\u00a0Infrastruktura\u00a0\u00a0Rozk\u0142ady jazdy Przystanek kolejowy Studzianka jest po\u0142o\u017cona przy szlaku Wroc\u0142aw Muchob\u00f3r &#8211; Gubinek (odcinek Legnica &#8211; \u017baga\u0144), na 106 kilometrze od stacji Wroc\u0142aw &#8211; G\u0142\u00f3wny. Miejscowo\u015b\u0107 Studzianka, dla kt\u00f3rej wybudowano stacj\u0119 by\u0142a po\u0142o\u017cona pomi\u0119dzy Lesznem G\u00f3rnym a Wierzbow\u0105 \u015al\u0105sk\u0105. Wie\u015b zosta\u0142a rozebrana w latach 60 tych XX wieku, kiedy w jej pobli\u017cu tworzono poligon lotniczy &hellip; <a href=\"http:\/\/www.koleje.szprotawa.org.pl\/test\/studzianka-przystanek-osobowy\/\" class=\"more-link\">Czytaj dalej <span class=\"screen-reader-text\">Studzianka &#8211; przystanek osobowy<\/span><\/a><\/p>\n","protected":false},"author":1,"featured_media":0,"parent":0,"menu_order":0,"comment_status":"open","ping_status":"open","template":"","meta":[],"_links":{"self":[{"href":"http:\/\/www.koleje.szprotawa.org.pl\/test\/wp-json\/wp\/v2\/pages\/84"}],"collection":[{"href":"http:\/\/www.koleje.szprotawa.org.pl\/test\/wp-json\/wp\/v2\/pages"}],"about":[{"href":"http:\/\/www.koleje.szprotawa.org.pl\/test\/wp-json\/wp\/v2\/types\/page"}],"author":[{"embeddable":true,"href":"http:\/\/www.koleje.szprotawa.org.pl\/test\/wp-json\/wp\/v2\/users\/1"}],"replies":[{"embeddable":true,"href":"http:\/\/www.koleje.szprotawa.org.pl\/test\/wp-json\/wp\/v2\/comments?post=84"}],"version-history":[{"count":0,"href":"http:\/\/www.koleje.szprotawa.org.pl\/test\/wp-json\/wp\/v2\/pages\/84\/revisions"}],"wp:attachment":[{"href":"http:\/\/www.koleje.szprotawa.org.pl\/test\/wp-json\/wp\/v2\/media?parent=84"}],"curies":[{"name":"wp","href":"https:\/\/api.w.org\/{rel}","templated":true}]}}