{"id":75,"date":"2012-10-24T19:51:04","date_gmt":"2012-10-24T19:51:04","guid":{"rendered":"http:\/\/www.koleje.szprotawa.org.pl\/test\/?page_id=75"},"modified":"2015-07-23T17:45:12","modified_gmt":"2015-07-23T17:45:12","slug":"malomice-stacja-osobowa-i-towarowa","status":"publish","type":"page","link":"http:\/\/www.koleje.szprotawa.org.pl\/test\/malomice-stacja-osobowa-i-towarowa\/","title":{"rendered":"Ma\u0142omice &#8211; stacja osobowa i towarowa"},"content":{"rendered":"<p><center><img decoding=\"async\" src=\"http:\/\/koleje.szprotawa.org.pl\/theme\/default\/gfx\/p.gif\" alt=\"\" \/>\u00a0<a href=\"http:\/\/kolejzg.tmnet.pl\/topic,1,Malomice,138,galeria.html\"><strong>Infrastruktura<\/strong><\/a>\u00a0<img decoding=\"async\" src=\"http:\/\/koleje.szprotawa.org.pl\/theme\/default\/gfx\/p.gif\" alt=\"\" \/>\u00a0<a href=\"http:\/\/kolejzg.tmnet.pl\/topic,1,Malomice,69,galeria.html\"><strong>Ruch<\/strong><\/a>\u00a0<img decoding=\"async\" src=\"http:\/\/koleje.szprotawa.org.pl\/theme\/default\/gfx\/p.gif\" alt=\"\" \/>\u00a0<a href=\"http:\/\/www.koleje.szprotawa.org.pl\/test\/archiwalne-rozklady-jazdy\/\"><strong>Rozk\u0142ady jazdy<\/strong><\/a><\/center><\/p>\n<p style=\"text-align: justify;\">Stacja kolejowa Ma\u0142omice jest po\u0142o\u017cona przy linii nr 275 Wroc\u0142aw Muchob\u00f3r &#8211; Gubinek odcinek cz. Legnica &#8211; \u017baga\u0144, na 128 kilometrze od stacji Wroc\u0142aw G\u0142\u00f3wny. Sk\u0142ada si\u0119 ona z budynku dworca, 2 peron\u00f3w, tor\u00f3w towarowych, 2 nastawni. Obecnie poczekalnia w budynku dworca jest zamkni\u0119ta. Pozosta\u0142e obiekty s\u0105 wykorzystywane przez kolej. Nadal zatrzymuj\u0105 si\u0119 tutaj sk\u0142ady kolejowe m. in. \u017bary &#8211; Wroc\u0142aw, \u017baga\u0144 &#8211; Legnica itd.Na uwag\u0119 zas\u0142uguje budynek dworca z czerwonej ceg\u0142y. Jest do niego dobudowany niewielki magazyn towarowy wraz z ramp\u0105 za\u0142adunkow\u0105. Od storny p\u00f3\u0142nocnej na magazynie zachowany poniemiecki napis rauchen verboten (palenie zabronione).Stacja powsta\u0142a w 1875 roku wraz z budowa skr\u00f3towego odcinka Mi\u0142kowice &#8211; Jasie\u0144.<\/p>\n<p><center><img decoding=\"async\" src=\"http:\/\/koleje.szprotawa.org.pl\/uploads\/images\/mal01.jpg\" alt=\"\" \/><\/center><center><img decoding=\"async\" src=\"http:\/\/koleje.szprotawa.org.pl\/theme\/default\/gfx\/p.gif\" alt=\"\" \/>\u00a0<a href=\"http:\/\/www.koleje.szprotawa.org.pl\/test\/linia-nr-275-wroclaw-muchobor-gubinek-odcinek-legnica-zagan\/\"><strong>Powr\u00f3t do odcinka Legnica &#8211; \u017baga\u0144<\/strong><\/a><\/center><\/p>\n","protected":false},"excerpt":{"rendered":"<p>\u00a0Infrastruktura\u00a0\u00a0Ruch\u00a0\u00a0Rozk\u0142ady jazdy Stacja kolejowa Ma\u0142omice jest po\u0142o\u017cona przy linii nr 275 Wroc\u0142aw Muchob\u00f3r &#8211; Gubinek odcinek cz. Legnica &#8211; \u017baga\u0144, na 128 kilometrze od stacji Wroc\u0142aw G\u0142\u00f3wny. Sk\u0142ada si\u0119 ona z budynku dworca, 2 peron\u00f3w, tor\u00f3w towarowych, 2 nastawni. Obecnie poczekalnia w budynku dworca jest zamkni\u0119ta. Pozosta\u0142e obiekty s\u0105 wykorzystywane przez kolej. Nadal zatrzymuj\u0105 si\u0119 &hellip; <a href=\"http:\/\/www.koleje.szprotawa.org.pl\/test\/malomice-stacja-osobowa-i-towarowa\/\" class=\"more-link\">Czytaj dalej <span class=\"screen-reader-text\">Ma\u0142omice &#8211; stacja osobowa i towarowa<\/span><\/a><\/p>\n","protected":false},"author":1,"featured_media":0,"parent":0,"menu_order":0,"comment_status":"open","ping_status":"open","template":"","meta":[],"_links":{"self":[{"href":"http:\/\/www.koleje.szprotawa.org.pl\/test\/wp-json\/wp\/v2\/pages\/75"}],"collection":[{"href":"http:\/\/www.koleje.szprotawa.org.pl\/test\/wp-json\/wp\/v2\/pages"}],"about":[{"href":"http:\/\/www.koleje.szprotawa.org.pl\/test\/wp-json\/wp\/v2\/types\/page"}],"author":[{"embeddable":true,"href":"http:\/\/www.koleje.szprotawa.org.pl\/test\/wp-json\/wp\/v2\/users\/1"}],"replies":[{"embeddable":true,"href":"http:\/\/www.koleje.szprotawa.org.pl\/test\/wp-json\/wp\/v2\/comments?post=75"}],"version-history":[{"count":0,"href":"http:\/\/www.koleje.szprotawa.org.pl\/test\/wp-json\/wp\/v2\/pages\/75\/revisions"}],"wp:attachment":[{"href":"http:\/\/www.koleje.szprotawa.org.pl\/test\/wp-json\/wp\/v2\/media?parent=75"}],"curies":[{"name":"wp","href":"https:\/\/api.w.org\/{rel}","templated":true}]}}