{"id":67,"date":"2012-10-24T19:41:05","date_gmt":"2012-10-24T19:41:05","guid":{"rendered":"http:\/\/www.koleje.szprotawa.org.pl\/test\/?page_id=67"},"modified":"2015-07-23T17:28:18","modified_gmt":"2015-07-23T17:28:18","slug":"przeclaw-szprotawski-przystanek-osobowy","status":"publish","type":"page","link":"http:\/\/www.koleje.szprotawa.org.pl\/test\/przeclaw-szprotawski-przystanek-osobowy\/","title":{"rendered":"Przec\u0142aw Szprotawski &#8211; przystanek osobowy"},"content":{"rendered":"<p><center><img decoding=\"async\" src=\"http:\/\/koleje.szprotawa.org.pl\/theme\/default\/gfx\/p.gif\" alt=\"\" \/>\u00a0<a href=\"http:\/\/kolejzg.tmnet.pl\/topic,1,Przeclaw_Szprotawski_(Ottendorf),92,galeria.html\"><strong>Infrastruktura<\/strong><\/a>\u00a0<img decoding=\"async\" src=\"http:\/\/koleje.szprotawa.org.pl\/theme\/default\/gfx\/p.gif\" alt=\"\" \/>\u00a0<a href=\"http:\/\/www.koleje.szprotawa.org.pl\/test\/archiwalne-rozklady-jazdy\/\"><strong>Rozk\u0142ady jazdy<\/strong><\/a><\/center><\/p>\n<p style=\"text-align: justify;\">Dawniej stacja kolejowa, obecnie przystanek. Jest on po\u0142o\u017cony w okolicy 306 kilometra linii \u0141\u00f3d\u017a Kaliska &#8211; Forst. Przystanek znajduje si\u0119 pomi\u0119dzy wsiami Przec\u0142aw, Nowa Jab\u0142onna, Stara Jab\u0142onna. W jego pobli\u017cu przebiega droga z Przec\u0142awia do Nowej Jab\u0142onnej. Data budowy nie jest znana, wiadomo, \u017ce przystanek ten nie powsta\u0142 w 1846 wraz z budow\u0105 linii. Prawdopodobnie utworzono go w czasie modernizacji linii przed rokiem 1900 (kiedy to po\u0142o\u017cono drug tor). Nie uda\u0142o si\u0119 jak dot\u0105d wyja\u015bni\u0107, czy w Przec\u0142awiu znajdowa\u0142 si\u0119 najpierw przystanek kolejowy czy od razu powsta\u0142a tutaj stacja kolejowa. Otendorf jako punkt kolejowy jest wymieniany w rozk\u0142adzie z 1915 roku. W czasach przedwojennych kiedy funkcjonowa\u0142a tutaj stacja istnia\u0142y dwa perony, budynek, w kt\u00f3rym mie\u015bci\u0142a si\u0119 poczekalnia, kasa biletowa, zawiadowca stacji, opr\u00f3cz tego 2 nastawnie &#8211; dysponuj\u0105ca le\u017c\u0105ca w km 307,083 i wykonawcza w km 306,158. Taki stan utrzyma\u0142 si\u0119 prawdopodobnie tak\u017ce po wojnie, by\u0107 mo\u017ce jednak w wyniku redukcji infrastruktury w czasach powojennych zlikwidowano nastawnie i dodatkowe tory.<\/p>\n<p><center><iframe loading=\"lazy\" src=\"https:\/\/maps.google.pl\/maps?f=q&amp;source=s_q&amp;hl=pl&amp;geocode=&amp;q=gaworzyce&amp;aq=&amp;sll=51.937749,15.511777&amp;sspn=0.11324,0.308647&amp;t=h&amp;ie=UTF8&amp;hq=&amp;hnear=Gmina+Gaworzyce&amp;ll=51.616078,15.778953&amp;spn=0.002332,0.00456&amp;z=17&amp;iwloc=A&amp;output=embed\" frameborder=\"0\" marginwidth=\"0\" marginheight=\"0\" scrolling=\"no\" width=\"425\" height=\"350\"><\/iframe><br \/>\n<small><a style=\"color: #0000ff; text-align: left;\" href=\"https:\/\/maps.google.pl\/maps?f=q&amp;source=embed&amp;hl=pl&amp;geocode=&amp;q=gaworzyce&amp;aq=&amp;sll=51.937749,15.511777&amp;sspn=0.11324,0.308647&amp;t=h&amp;ie=UTF8&amp;hq=&amp;hnear=Gmina+Gaworzyce&amp;ll=51.616078,15.778953&amp;spn=0.002332,0.00456&amp;z=17&amp;iwloc=A\">Wy\u015bwietl wi\u0119ksz\u0105 map\u0119<\/a><\/small><br \/>\nZdj\u0119cie satelitarne Google przystanku kolejowego<\/center><\/p>\n<p style=\"text-align: justify;\">W latach 70 tych w zwi\u0105zku ze wzrostem ruchu towarowego dokonano rozbudowy przystanku, pojawi\u0142a si\u0119 mijanka oraz obiekt nastawni. Budynki istniej\u0105ce przed wojn\u0105 zast\u0105piono nowym posterunkiem dy\u017curnego ruchu. Dy\u017curny obs\u0142ugiwa\u0142 rogatki na drodze ko\u0142o stacji. W nastawni zlokalizowano tak\u017ce kas\u0119 biletow\u0105. W latach 90 tych (oko\u0142o 1995 roku) rozebrano budynek nastawni, przejazd sta\u0142 si\u0119 niestrze\u017cony. Od tego czasu podr\u00f3\u017cni musieli oczekiwa\u0107 na poci\u0105gi &#8220;pod go\u0142ym niebem&#8221;. Tor mijankowy znikn\u0105\u0142 z terenu, jedyn\u0105 jego widoczn\u0105 pami\u0105tk\u0105 jest tor na przeje\u017adzie kolejowym drogi powiatowej. Jego zdj\u0119cie jest dost\u0119pne w galerii infrastruktura. Obecnie zawieszono przewozy pasa\u017cerskie, przez przystanek przetaczaj\u0105 si\u0119 jedynie sk\u0142ady towarowe. Stan tor\u00f3w jest niestety bardzo z\u0142y obowi\u0105zuje ograniczenie do 30 km\/h.<\/p>\n<p><center><img decoding=\"async\" loading=\"lazy\" class=\"aligncenter\" src=\"http:\/\/koleje.szprotawa.org.pl\/uploads\/images\/dworzec_przeclaw.jpg\" alt=\"\" width=\"487\" height=\"327\" \/><br \/>\nWygl\u0105d dworca przed wojn\u0105<\/center><center><\/center><center><img decoding=\"async\" src=\"http:\/\/koleje.szprotawa.org.pl\/theme\/default\/gfx\/p.gif\" alt=\"\" \/>\u00a0<strong><a href=\"http:\/\/www.koleje.szprotawa.org.pl\/test\/lodz-kaliska-forst\/\">Powr\u00f3t do odcinka G\u0142og\u00f3w &#8211; \u017baga\u0144 &gt;&gt;&gt;<\/a><\/strong><\/center><\/p>\n<div><\/div>\n<p>&nbsp;<\/p>\n","protected":false},"excerpt":{"rendered":"<p>\u00a0Infrastruktura\u00a0\u00a0Rozk\u0142ady jazdy Dawniej stacja kolejowa, obecnie przystanek. Jest on po\u0142o\u017cony w okolicy 306 kilometra linii \u0141\u00f3d\u017a Kaliska &#8211; Forst. Przystanek znajduje si\u0119 pomi\u0119dzy wsiami Przec\u0142aw, Nowa Jab\u0142onna, Stara Jab\u0142onna. W jego pobli\u017cu przebiega droga z Przec\u0142awia do Nowej Jab\u0142onnej. Data budowy nie jest znana, wiadomo, \u017ce przystanek ten nie powsta\u0142 w 1846 wraz z budow\u0105 &hellip; <a href=\"http:\/\/www.koleje.szprotawa.org.pl\/test\/przeclaw-szprotawski-przystanek-osobowy\/\" class=\"more-link\">Czytaj dalej <span class=\"screen-reader-text\">Przec\u0142aw Szprotawski &#8211; przystanek osobowy<\/span><\/a><\/p>\n","protected":false},"author":1,"featured_media":0,"parent":0,"menu_order":0,"comment_status":"open","ping_status":"open","template":"","meta":[],"_links":{"self":[{"href":"http:\/\/www.koleje.szprotawa.org.pl\/test\/wp-json\/wp\/v2\/pages\/67"}],"collection":[{"href":"http:\/\/www.koleje.szprotawa.org.pl\/test\/wp-json\/wp\/v2\/pages"}],"about":[{"href":"http:\/\/www.koleje.szprotawa.org.pl\/test\/wp-json\/wp\/v2\/types\/page"}],"author":[{"embeddable":true,"href":"http:\/\/www.koleje.szprotawa.org.pl\/test\/wp-json\/wp\/v2\/users\/1"}],"replies":[{"embeddable":true,"href":"http:\/\/www.koleje.szprotawa.org.pl\/test\/wp-json\/wp\/v2\/comments?post=67"}],"version-history":[{"count":0,"href":"http:\/\/www.koleje.szprotawa.org.pl\/test\/wp-json\/wp\/v2\/pages\/67\/revisions"}],"wp:attachment":[{"href":"http:\/\/www.koleje.szprotawa.org.pl\/test\/wp-json\/wp\/v2\/media?parent=67"}],"curies":[{"name":"wp","href":"https:\/\/api.w.org\/{rel}","templated":true}]}}