{"id":59,"date":"2012-10-24T19:33:16","date_gmt":"2012-10-24T19:33:16","guid":{"rendered":"http:\/\/www.koleje.szprotawa.org.pl\/test\/?page_id=59"},"modified":"2015-07-23T17:03:25","modified_gmt":"2015-07-23T17:03:25","slug":"dzikowice-przystanek-osobowy","status":"publish","type":"page","link":"http:\/\/www.koleje.szprotawa.org.pl\/test\/dzikowice-przystanek-osobowy\/","title":{"rendered":"Dzikowice &#8211; przystanek osobowy"},"content":{"rendered":"<p><center><img decoding=\"async\" src=\"http:\/\/koleje.szprotawa.org.pl\/theme\/default\/gfx\/p.gif\" alt=\"\" \/>\u00a0<a href=\"http:\/\/kolejzg.tmnet.pl\/topic,1,Dzikowice_(Ebersdorf),94,galeria.html\"><strong>Infrastruktura<\/strong><\/a>\u00a0<img decoding=\"async\" src=\"http:\/\/koleje.szprotawa.org.pl\/theme\/default\/gfx\/p.gif\" alt=\"\" \/>\u00a0<a href=\"http:\/\/kolejzg.tmnet.pl\/topic,1,Dzikowice,61,galeria.html\"><strong>Ruch<\/strong><\/a>\u00a0<img decoding=\"async\" src=\"http:\/\/koleje.szprotawa.org.pl\/theme\/default\/gfx\/p.gif\" alt=\"\" \/>\u00a0<a href=\"http:\/\/www.koleje.szprotawa.org.pl\/test\/archiwalne-rozklady-jazdy\/\"><strong>Rozk\u0142ady jazdy<\/strong><\/a><\/center><\/p>\n<p style=\"text-align: justify;\">Przystanek kolejowy po\u0142o\u017cony miedzy 318,628 a 318,838 kilometrem linii \u0141\u00f3dz Kaliska &#8211; Forst, odcinek cz\u0119\u015bciowy G\u0142og\u00f3w &#8211; \u017baga\u0144. W jego sk\u0142ad wchodzi niewielki peron, wiata przystankowa (zadaszenie rozebrano), \u0142awki, latarnie oraz tablica z oznaczeniem miejscowo\u015bci. Wcze\u015bniej przed 1945 rokiem linia by\u0142a dwutorowa, wtedy tak\u017ce istnia\u0142 jeszcze jeden peron. Na wsch\u00f3d od przystanku znajduje si\u0119 niestrze\u017cony przejazd kolejowy. Przystanek nie istnia\u0142 od pocz\u0105tku funkcjonowania linii. Zosta\u0142 zbudowany przed 1915 rokiem, gdy\u017c w rozk\u0142adzie jazdy z tego roku jest on ju\u017c wymieniany. Po zlikwidowaniu po\u0142\u0105cze\u0144 osobowych zacz\u0105\u0142 zarasta\u0107 traw\u0105. Od 10 grudnia 2006 do 10 pazdziernika 2010 roku zatrzymywa\u0142y si\u0119 tutaj szynobusy kursuj\u0105ce miedzy Zielon\u0105 G\u00f3r\u0105\/\u017barami a Niegos\u0142awicami. Stan techniczny tor\u00f3w w obr\u0119bie przystanku nie by\u0142 zbyt dobry, obowi\u0105zywa\u0142o ograniczenie szybko\u015bci do 30 km\/h. W wyniku remontu od 14 listopada 2006 zniesiono ograniczenie, sk\u0142ady towarowe jak i szynobusy obowi\u0105zywa\u0142o ograniczenie szybko\u015bci do 50 km\/h. Od rozk\u0142adu jazdy 2010\/2011 ponownie wprowadzono ograniczenie do 30 km\/h.<\/p>\n<p><center><img decoding=\"async\" src=\"http:\/\/koleje.szprotawa.org.pl\/uploads\/images\/dzikowice1.jpg\" alt=\"\" \/><\/center><center><\/center><center><img decoding=\"async\" src=\"http:\/\/koleje.szprotawa.org.pl\/uploads\/images\/ebersdorf1.jpg\" alt=\"\" \/><\/center><center>Dworzec od strony tor\u00f3w<\/center><center><\/center><center><img decoding=\"async\" src=\"http:\/\/koleje.szprotawa.org.pl\/uploads\/images\/ebersdorf2.jpg\" alt=\"\" \/><\/center><center>Budynek dworcowy i przejazd kolejowy w czasach niemieckich<\/center><center><\/center><center><img decoding=\"async\" src=\"http:\/\/koleje.szprotawa.org.pl\/uploads\/images\/ebersdorf3.jpg\" alt=\"\" \/><\/center><center>Dworzec i parow\u00f3z<\/center><center><img decoding=\"async\" src=\"http:\/\/koleje.szprotawa.org.pl\/theme\/default\/gfx\/p.gif\" alt=\"\" \/>\u00a0<a href=\"http:\/\/www.koleje.szprotawa.org.pl\/test\/lodz-kaliska-forst\/\"><strong>Powr\u00f3t do odcinka G\u0142og\u00f3w &#8211; \u017baga\u0144 &gt;&gt;&gt;<\/strong><\/a><\/center><\/p>\n","protected":false},"excerpt":{"rendered":"<p>\u00a0Infrastruktura\u00a0\u00a0Ruch\u00a0\u00a0Rozk\u0142ady jazdy Przystanek kolejowy po\u0142o\u017cony miedzy 318,628 a 318,838 kilometrem linii \u0141\u00f3dz Kaliska &#8211; Forst, odcinek cz\u0119\u015bciowy G\u0142og\u00f3w &#8211; \u017baga\u0144. W jego sk\u0142ad wchodzi niewielki peron, wiata przystankowa (zadaszenie rozebrano), \u0142awki, latarnie oraz tablica z oznaczeniem miejscowo\u015bci. Wcze\u015bniej przed 1945 rokiem linia by\u0142a dwutorowa, wtedy tak\u017ce istnia\u0142 jeszcze jeden peron. Na wsch\u00f3d od przystanku znajduje &hellip; <a href=\"http:\/\/www.koleje.szprotawa.org.pl\/test\/dzikowice-przystanek-osobowy\/\" class=\"more-link\">Czytaj dalej <span class=\"screen-reader-text\">Dzikowice &#8211; przystanek osobowy<\/span><\/a><\/p>\n","protected":false},"author":1,"featured_media":0,"parent":0,"menu_order":0,"comment_status":"open","ping_status":"open","template":"","meta":[],"_links":{"self":[{"href":"http:\/\/www.koleje.szprotawa.org.pl\/test\/wp-json\/wp\/v2\/pages\/59"}],"collection":[{"href":"http:\/\/www.koleje.szprotawa.org.pl\/test\/wp-json\/wp\/v2\/pages"}],"about":[{"href":"http:\/\/www.koleje.szprotawa.org.pl\/test\/wp-json\/wp\/v2\/types\/page"}],"author":[{"embeddable":true,"href":"http:\/\/www.koleje.szprotawa.org.pl\/test\/wp-json\/wp\/v2\/users\/1"}],"replies":[{"embeddable":true,"href":"http:\/\/www.koleje.szprotawa.org.pl\/test\/wp-json\/wp\/v2\/comments?post=59"}],"version-history":[{"count":0,"href":"http:\/\/www.koleje.szprotawa.org.pl\/test\/wp-json\/wp\/v2\/pages\/59\/revisions"}],"wp:attachment":[{"href":"http:\/\/www.koleje.szprotawa.org.pl\/test\/wp-json\/wp\/v2\/media?parent=59"}],"curies":[{"name":"wp","href":"https:\/\/api.w.org\/{rel}","templated":true}]}}