{"id":54,"date":"2012-10-24T19:27:33","date_gmt":"2012-10-24T19:27:33","guid":{"rendered":"http:\/\/www.koleje.szprotawa.org.pl\/test\/?page_id=54"},"modified":"2015-07-23T17:57:54","modified_gmt":"2015-07-23T17:57:54","slug":"szprotawa-pociagi-zdawcze","status":"publish","type":"page","link":"http:\/\/www.koleje.szprotawa.org.pl\/test\/szprotawa-pociagi-zdawcze\/","title":{"rendered":"Szprotawa &#8211; poci\u0105gi zdawcze"},"content":{"rendered":"<p style=\"text-align: justify;\">Na stacji towarowej w Szprotawie odbywa si\u0119 niewielki za\u0142adunek i roz\u0142adunek towar\u00f3w. W tym celu z \u017bagania podsy\u0142ane s\u0105 zdawcze sk\u0142ady towarowe. Za\u0142adunek dotyczy przede wszystkim drewna, kt\u00f3re jest przywo\u017cone przez Nadle\u015bnictwo z pobliskich las\u00f3w. Za\u0142adowane drewno oczekuje na odbi\u00f3r, kt\u00f3ry odbywa si\u0119 2 razy w tygodniu. Je\u017celi chodzi o roz\u0142adunek, to dotyczy on przede wszystkim nawoz\u00f3w zamawianych przez Pozna\u0144sk\u0105 Stacj\u0119 Hodowli Ro\u015blin. Zdawka przyje\u017cd\u017ca we wtorki i czwartki. Najcz\u0119\u015bciej pojawia si\u0119 ona mi\u0119dzy godzin\u0105 13 a 14. Lokomotyw\u0105 prowadz\u0105c\u0105 tego typu poci\u0105gi jest zazwyczaj SM 42, czasami ST 43.<\/p>\n<p><center><img decoding=\"async\" src=\"http:\/\/koleje.szprotawa.org.pl\/uploads\/images\/sm42.jpg\" alt=\"\" \/><br \/>\nZdawcza SM 42 kieruje si\u0119 na stacj\u0119 towarow\u0105<\/center><\/p>\n<p style=\"text-align: justify;\">Zdawka przyje\u017cd\u017ca do Szprotawy po torze w\u0142a\u015bciwym. Potem zje\u017cd\u017ca na tor boczny i nim udaje si\u0119 w kierunku stacji towarowej. Najcz\u0119\u015bciej ci\u0105gnie ze sob\u0105 kilka eaos\u00f3w, czasami dochodz\u0105 do tego jeszcze cysterny oraz wagony platformy. Po dojechaniu do stacji towarowej od przodu podczepiane s\u0105 wagony z za\u0142adowanym drewnem lub roz\u0142adowane cysterny. Odczepia si\u0119 za\u015b te, kt\u00f3re zdawka przyprowadzi\u0142a ze sob\u0105. Potem zdawka jedzie z podczepionymi od przodu wagonami poruszaj\u0105c si\u0119 po torowisku do dawnego sk\u0142adu paliw.<\/p>\n<p><center><img decoding=\"async\" src=\"http:\/\/koleje.szprotawa.org.pl\/uploads\/images\/zaladunek.jpg\" alt=\"\" \/><br \/>\nZa\u0142adunek drewna na wagony<\/center><\/p>\n<p style=\"text-align: justify;\">Po przejechaniu zwrotnic zdawka zatrzymuje si\u0119. Po przestawieniu zwrotnicy sk\u0142ad zje\u017cd\u017ca na tor w\u0142a\u015bciwy lub boczny (w zale\u017cno\u015bci od tego czy przepuszcza jaki\u015b sk\u0142ad czy nie) i nim udaje si\u0119 do stacji. Na czas tych manewr\u00f3w na d\u0142u\u017cej zamykane s\u0105 szlabany na przejezdzie z drog\u0105 nr 12. Po oczekiwaniu na zielone \u015bwiat\u0142o, kt\u00f3re jest uzale\u017cnione od tego czy b\u0119dzie mijanka czy nie, zdawka odje\u017cd\u017ca z powrotem do \u017bagania. Wi\u0119cej zdj\u0119\u0107 zdawek\u00a0<a href=\"http:\/\/kolejzg.tmnet.pl\/topic,1,Pociagi_zdwacze,6,galeria.html\" target=\"_blank\"><span style=\"color: #0000ff;\">Link<\/span><\/a><\/p>\n<p><center><img decoding=\"async\" src=\"http:\/\/koleje.szprotawa.org.pl\/theme\/default\/gfx\/p.gif\" alt=\"\" \/>\u00a0<a href=\"http:\/\/www.koleje.szprotawa.org.pl\/test\/szprotawa\/\"><strong>Powr\u00f3t do stacji Szprotawa &gt;&gt;&gt;<\/strong><\/a><\/center><\/p>\n","protected":false},"excerpt":{"rendered":"<p>Na stacji towarowej w Szprotawie odbywa si\u0119 niewielki za\u0142adunek i roz\u0142adunek towar\u00f3w. W tym celu z \u017bagania podsy\u0142ane s\u0105 zdawcze sk\u0142ady towarowe. Za\u0142adunek dotyczy przede wszystkim drewna, kt\u00f3re jest przywo\u017cone przez Nadle\u015bnictwo z pobliskich las\u00f3w. Za\u0142adowane drewno oczekuje na odbi\u00f3r, kt\u00f3ry odbywa si\u0119 2 razy w tygodniu. Je\u017celi chodzi o roz\u0142adunek, to dotyczy on przede &hellip; <a href=\"http:\/\/www.koleje.szprotawa.org.pl\/test\/szprotawa-pociagi-zdawcze\/\" class=\"more-link\">Czytaj dalej <span class=\"screen-reader-text\">Szprotawa &#8211; poci\u0105gi zdawcze<\/span><\/a><\/p>\n","protected":false},"author":1,"featured_media":0,"parent":0,"menu_order":0,"comment_status":"open","ping_status":"open","template":"","meta":[],"_links":{"self":[{"href":"http:\/\/www.koleje.szprotawa.org.pl\/test\/wp-json\/wp\/v2\/pages\/54"}],"collection":[{"href":"http:\/\/www.koleje.szprotawa.org.pl\/test\/wp-json\/wp\/v2\/pages"}],"about":[{"href":"http:\/\/www.koleje.szprotawa.org.pl\/test\/wp-json\/wp\/v2\/types\/page"}],"author":[{"embeddable":true,"href":"http:\/\/www.koleje.szprotawa.org.pl\/test\/wp-json\/wp\/v2\/users\/1"}],"replies":[{"embeddable":true,"href":"http:\/\/www.koleje.szprotawa.org.pl\/test\/wp-json\/wp\/v2\/comments?post=54"}],"version-history":[{"count":0,"href":"http:\/\/www.koleje.szprotawa.org.pl\/test\/wp-json\/wp\/v2\/pages\/54\/revisions"}],"wp:attachment":[{"href":"http:\/\/www.koleje.szprotawa.org.pl\/test\/wp-json\/wp\/v2\/media?parent=54"}],"curies":[{"name":"wp","href":"https:\/\/api.w.org\/{rel}","templated":true}]}}