{"id":46,"date":"2012-10-24T19:18:15","date_gmt":"2012-10-24T19:18:15","guid":{"rendered":"http:\/\/www.koleje.szprotawa.org.pl\/test\/?page_id=46"},"modified":"2015-07-23T17:15:23","modified_gmt":"2015-07-23T17:15:23","slug":"46-2","status":"publish","type":"page","link":"http:\/\/www.koleje.szprotawa.org.pl\/test\/46-2\/","title":{"rendered":"Bukowina Bobrza\u0144ska &#8211; przystanek osobowy"},"content":{"rendered":"<p><center><img decoding=\"async\" src=\"http:\/\/koleje.szprotawa.org.pl\/theme\/default\/gfx\/p.gif\" alt=\"\" \/>\u00a0<a href=\"http:\/\/kolejzg.tmnet.pl\/topic,1,Bukowina_Bobrzanska_(Buchwald),97,galeria.html\"><strong>Infrastruktura<\/strong><\/a>\u00a0<img decoding=\"async\" src=\"http:\/\/koleje.szprotawa.org.pl\/theme\/default\/gfx\/p.gif\" alt=\"\" \/>\u00a0<a href=\"http:\/\/www.koleje.szprotawa.org.pl\/test\/archiwalne-rozklady-jazdy\/\"><strong>Rozk\u0142ady jazdy<\/strong><\/a><\/center><\/p>\n<p style=\"text-align: justify;\">Przystanek osobowy Bukowina Bobrza\u0144ska le\u017cy na 331 kilometrze linii kolejowej \u0141\u00f3d\u017a Kaliska &#8211; Forst odcinek cz\u0119\u015bciowy G\u0142og\u00f3w &#8211; \u017baga\u0144.<\/p>\n<p><center><img decoding=\"async\" src=\"http:\/\/koleje.szprotawa.org.pl\/uploads\/images\/bukowina.jpg\" alt=\"\" \/><\/center><\/p>\n<p style=\"text-align: justify;\">Jest on po\u0142o\u017cony w po\u0142udniowej cz\u0119\u015bci miejscowo\u015bci przy drodze do Ma\u0142omic. Przed 2002 rokiem Bukowina Bobrza\u0144ska funkcjonowa\u0142a jako stacja kolejowa, z mo\u017cliwo\u015bci\u0105 mijania si\u0119 sk\u0142ad\u00f3w osobowych i towarowych. Po likwidacji po\u0142\u0105cze\u0144 osobowych nast\u0105pi\u0142 spadek przewoz\u00f3w. Po 2003 roku zdemontowano wszystkie tory boczne, rozebrano nastawni\u0119 wschodni\u0105, zdemontowano semafory. Nast\u0105pi\u0142a redukcja do rangi przystanku kolejowego z dr\u00f3\u017cnikiem obs\u0142uguj\u0105cym 2 przejazdy kolejowe.<\/p>\n<p style=\"text-align: justify;\">W grudniu 2007 i w pierwszych miesi\u0105cach 2008 roku przysz\u0142y kolejne zmiany. Zlikwidowano szlabany na strze\u017conym przeje\u017adzie kolejowym, w zamian wprowadzono automatyczn\u0105 sygnalizacj\u0119 przejazdow\u0105. Na przeje\u017adzie ko\u0142o budynku dworca zlikwidowano szlabany, kt\u00f3re korbowo obs\u0142ugiwa\u0142 dr\u00f3\u017cnik i wprowadzono niestrze\u017cony przejazd. W zwi\u0105zku z tym i\u017c widoczno\u015b\u0107 torowiska z przejazdu by\u0142a w tym miejscu ograniczona, wprowadzono ograniczenie szybko\u015bci dla poci\u0105g\u00f3w jad\u0105cych od strony G\u0142ogowa do 20 km\/h. Etat dr\u00f3\u017cnika sta\u0142 si\u0119 niepotrzebny, wi\u0119c w ramach oszcz\u0119dno\u015bci zosta\u0142 zlikwidowany. Na pocz\u0105tku 2009 roku rozpoczeto rozbi\u00f3rk\u0119 dawnego posterunku dr\u00f3\u017cnika, dzi\u0119ki czemu poprawiono widoczno\u015b\u0107 niestrze\u017conego przejazdu i zniesiono ograniczenie.<\/p>\n<p style=\"text-align: justify;\">Przystanek sk\u0142ada si\u0119 z budynku dworca, szaletu, 1 peronu przy torze g\u0142\u00f3wnym oraz 1 krw\u0119dzi, przy rozebranym torze g\u0142\u00f3wnym bocznym (mijankowym). Wszystkie tory poza g\u0142\u00f3wnym zosta\u0142y rozebrane. Stan tor\u00f3w w obr\u0119bie przystanku jest bardzo z\u0142y, obowi\u0105zuje ograniczenie szyb. do 30 km\/h. Od grudnia 2006 wznowiono kursy pasa\u017cerskie obs\u0142ugiwane przez autobusy szynowe. Niestety ze wzgl\u0119du na pogarszaj\u0105cy si\u0119 stan tor\u00f3w 10 pazdziernika 2010 ponownie zawieszno kursy pasa\u017cerskie. Stacja kolejowa lub przystanek w Bukowinie Bobrza\u0144skiej istnia\u0142a od powstania linii tj. od 1846 roku.<\/p>\n<p><center><img decoding=\"async\" src=\"http:\/\/koleje.szprotawa.org.pl\/theme\/default\/gfx\/p.gif\" alt=\"\" \/>\u00a0<a href=\"http:\/\/www.koleje.szprotawa.org.pl\/test\/lodz-kaliska-forst\/\"><strong>Powr\u00f3t do odcinka G\u0142og\u00f3w &#8211; \u017baga\u0144 &gt;&gt;&gt;<\/strong><\/a><\/center><\/p>\n","protected":false},"excerpt":{"rendered":"<p>\u00a0Infrastruktura\u00a0\u00a0Rozk\u0142ady jazdy Przystanek osobowy Bukowina Bobrza\u0144ska le\u017cy na 331 kilometrze linii kolejowej \u0141\u00f3d\u017a Kaliska &#8211; Forst odcinek cz\u0119\u015bciowy G\u0142og\u00f3w &#8211; \u017baga\u0144. Jest on po\u0142o\u017cony w po\u0142udniowej cz\u0119\u015bci miejscowo\u015bci przy drodze do Ma\u0142omic. Przed 2002 rokiem Bukowina Bobrza\u0144ska funkcjonowa\u0142a jako stacja kolejowa, z mo\u017cliwo\u015bci\u0105 mijania si\u0119 sk\u0142ad\u00f3w osobowych i towarowych. Po likwidacji po\u0142\u0105cze\u0144 osobowych nast\u0105pi\u0142 spadek &hellip; <a href=\"http:\/\/www.koleje.szprotawa.org.pl\/test\/46-2\/\" class=\"more-link\">Czytaj dalej <span class=\"screen-reader-text\">Bukowina Bobrza\u0144ska &#8211; przystanek osobowy<\/span><\/a><\/p>\n","protected":false},"author":1,"featured_media":0,"parent":0,"menu_order":0,"comment_status":"open","ping_status":"open","template":"","meta":[],"_links":{"self":[{"href":"http:\/\/www.koleje.szprotawa.org.pl\/test\/wp-json\/wp\/v2\/pages\/46"}],"collection":[{"href":"http:\/\/www.koleje.szprotawa.org.pl\/test\/wp-json\/wp\/v2\/pages"}],"about":[{"href":"http:\/\/www.koleje.szprotawa.org.pl\/test\/wp-json\/wp\/v2\/types\/page"}],"author":[{"embeddable":true,"href":"http:\/\/www.koleje.szprotawa.org.pl\/test\/wp-json\/wp\/v2\/users\/1"}],"replies":[{"embeddable":true,"href":"http:\/\/www.koleje.szprotawa.org.pl\/test\/wp-json\/wp\/v2\/comments?post=46"}],"version-history":[{"count":0,"href":"http:\/\/www.koleje.szprotawa.org.pl\/test\/wp-json\/wp\/v2\/pages\/46\/revisions"}],"wp:attachment":[{"href":"http:\/\/www.koleje.szprotawa.org.pl\/test\/wp-json\/wp\/v2\/media?parent=46"}],"curies":[{"name":"wp","href":"https:\/\/api.w.org\/{rel}","templated":true}]}}