{"id":197,"date":"2012-11-03T18:21:55","date_gmt":"2012-11-03T18:21:55","guid":{"rendered":"http:\/\/www.koleje.szprotawa.org.pl\/test\/?page_id=197"},"modified":"2014-08-11T16:07:16","modified_gmt":"2014-08-11T16:07:16","slug":"zagan-mapy-i-schematy","status":"publish","type":"page","link":"http:\/\/www.koleje.szprotawa.org.pl\/test\/zagan-mapy-i-schematy\/","title":{"rendered":"\u017baga\u0144 mapy i schematy"},"content":{"rendered":"<p style=\"text-align: justify;\">Schematy pochodz\u0105 z 1900 roku, nie ma na nich jeszcze obecnego budynku dworca, kt\u00f3ry by\u0142 w budowie, brakuje tak\u017ce linii do Zebrzydowej uko\u0144czonej w 1905. Linie do G\u0142ogowa, Legnicy, \u017bar, Jankowej \u017baga\u0144skiej by\u0142y dwutorowe:<\/p>\n<p><center><br \/>\n<img decoding=\"async\" src=\"http:\/\/koleje.szprotawa.org.pl\/uploads\/images\/sagan1.jpg\" alt=\"\" \/><\/center><img decoding=\"async\" src=\"http:\/\/koleje.szprotawa.org.pl\/uploads\/images\/sagan2.jpg\" alt=\"\" \/><\/p>\n<p><center><img decoding=\"async\" src=\"http:\/\/koleje.szprotawa.org.pl\/theme\/default\/gfx\/p.gif\" alt=\"\" \/>\u00a0<strong><a href=\"http:\/\/www.koleje.szprotawa.org.pl\/test\/zagan-stacja-wezlowa\/\">Powr\u00f3t do stacja \u017baga\u0144&gt;&gt;&gt;<\/a><\/strong><\/center><\/p>\n<div><\/div>\n","protected":false},"excerpt":{"rendered":"<p>Schematy pochodz\u0105 z 1900 roku, nie ma na nich jeszcze obecnego budynku dworca, kt\u00f3ry by\u0142 w budowie, brakuje tak\u017ce linii do Zebrzydowej uko\u0144czonej w 1905. Linie do G\u0142ogowa, Legnicy, \u017bar, Jankowej \u017baga\u0144skiej by\u0142y dwutorowe: \u00a0Powr\u00f3t do stacja \u017baga\u0144&gt;&gt;&gt;<\/p>\n","protected":false},"author":1,"featured_media":0,"parent":0,"menu_order":0,"comment_status":"open","ping_status":"open","template":"","meta":[],"_links":{"self":[{"href":"http:\/\/www.koleje.szprotawa.org.pl\/test\/wp-json\/wp\/v2\/pages\/197"}],"collection":[{"href":"http:\/\/www.koleje.szprotawa.org.pl\/test\/wp-json\/wp\/v2\/pages"}],"about":[{"href":"http:\/\/www.koleje.szprotawa.org.pl\/test\/wp-json\/wp\/v2\/types\/page"}],"author":[{"embeddable":true,"href":"http:\/\/www.koleje.szprotawa.org.pl\/test\/wp-json\/wp\/v2\/users\/1"}],"replies":[{"embeddable":true,"href":"http:\/\/www.koleje.szprotawa.org.pl\/test\/wp-json\/wp\/v2\/comments?post=197"}],"version-history":[{"count":0,"href":"http:\/\/www.koleje.szprotawa.org.pl\/test\/wp-json\/wp\/v2\/pages\/197\/revisions"}],"wp:attachment":[{"href":"http:\/\/www.koleje.szprotawa.org.pl\/test\/wp-json\/wp\/v2\/media?parent=197"}],"curies":[{"name":"wp","href":"https:\/\/api.w.org\/{rel}","templated":true}]}}