{"id":171,"date":"2012-11-02T20:57:19","date_gmt":"2012-11-02T20:57:19","guid":{"rendered":"http:\/\/www.koleje.szprotawa.org.pl\/test\/?page_id=171"},"modified":"2015-07-23T17:05:15","modified_gmt":"2015-07-23T17:05:15","slug":"dworzec-kolei-dolnoslasko-marchijskiej","status":"publish","type":"page","link":"http:\/\/www.koleje.szprotawa.org.pl\/test\/dworzec-kolei-dolnoslasko-marchijskiej\/","title":{"rendered":"Dworzec Kolei Dolno\u015bl\u0105sko &#8211; Marchijskiej"},"content":{"rendered":"<p style=\"text-align: justify;\">Zosta\u0142 usytuowany tu\u017c obok dworca \u015awiebodzkiego. Data otwarcia 28 pa\u017adziernika 1844 roku. Poprowadzono z niego lini\u0119 w kierunku zachodnim, do Legnicy. 3 lutego 1848 roku wybudowano bocznic\u0119 kolejow\u0105 \u0142\u0105cz\u0105c\u0105 dworzec z dworcem G\u00f3rno\u015blaskim. Obecnie obiekt nie jest u\u017cytkowany jako dworzec, tory stanowi\u0142y potem bocznice przemys\u0142owe.<\/p>\n<p><center><img decoding=\"async\" src=\"http:\/\/koleje.szprotawa.org.pl\/uploads\/images\/dolnoslaski.jpg\" alt=\"\" \/><\/center><img decoding=\"async\" src=\"http:\/\/koleje.szprotawa.org.pl\/theme\/default\/gfx\/p.gif\" alt=\"\" \/>\u00a0<a href=\"http:\/\/kolejzg.tmnet.pl\/topic,1,Wroclaw___Dworzec_Kolei_Dolnoslasko___Marchijskiej,51,galeria.html\"><strong>Wi\u0119cej zdj\u0119\u0107 kliknij tutaj &gt;&gt;&gt;<\/strong><\/a><\/p>\n<p><center><img decoding=\"async\" src=\"http:\/\/koleje.szprotawa.org.pl\/theme\/default\/gfx\/p.gif\" alt=\"\" \/>\u00a0<a href=\"http:\/\/www.koleje.szprotawa.org.pl\/test\/historia-kolei-na-dolnym-slasku\/\"><strong>Powr\u00f3t do historii<\/strong><\/a><\/center><\/p>\n","protected":false},"excerpt":{"rendered":"<p>Zosta\u0142 usytuowany tu\u017c obok dworca \u015awiebodzkiego. Data otwarcia 28 pa\u017adziernika 1844 roku. Poprowadzono z niego lini\u0119 w kierunku zachodnim, do Legnicy. 3 lutego 1848 roku wybudowano bocznic\u0119 kolejow\u0105 \u0142\u0105cz\u0105c\u0105 dworzec z dworcem G\u00f3rno\u015blaskim. Obecnie obiekt nie jest u\u017cytkowany jako dworzec, tory stanowi\u0142y potem bocznice przemys\u0142owe. \u00a0Wi\u0119cej zdj\u0119\u0107 kliknij tutaj &gt;&gt;&gt; \u00a0Powr\u00f3t do historii<\/p>\n","protected":false},"author":1,"featured_media":0,"parent":0,"menu_order":0,"comment_status":"open","ping_status":"open","template":"","meta":[],"_links":{"self":[{"href":"http:\/\/www.koleje.szprotawa.org.pl\/test\/wp-json\/wp\/v2\/pages\/171"}],"collection":[{"href":"http:\/\/www.koleje.szprotawa.org.pl\/test\/wp-json\/wp\/v2\/pages"}],"about":[{"href":"http:\/\/www.koleje.szprotawa.org.pl\/test\/wp-json\/wp\/v2\/types\/page"}],"author":[{"embeddable":true,"href":"http:\/\/www.koleje.szprotawa.org.pl\/test\/wp-json\/wp\/v2\/users\/1"}],"replies":[{"embeddable":true,"href":"http:\/\/www.koleje.szprotawa.org.pl\/test\/wp-json\/wp\/v2\/comments?post=171"}],"version-history":[{"count":0,"href":"http:\/\/www.koleje.szprotawa.org.pl\/test\/wp-json\/wp\/v2\/pages\/171\/revisions"}],"wp:attachment":[{"href":"http:\/\/www.koleje.szprotawa.org.pl\/test\/wp-json\/wp\/v2\/media?parent=171"}],"curies":[{"name":"wp","href":"https:\/\/api.w.org\/{rel}","templated":true}]}}