{"id":169,"date":"2012-11-02T20:56:25","date_gmt":"2012-11-02T20:56:25","guid":{"rendered":"http:\/\/www.koleje.szprotawa.org.pl\/test\/?page_id=169"},"modified":"2015-07-23T17:04:37","modified_gmt":"2015-07-23T17:04:37","slug":"dworzec-kolei-wroclawsko-swidnicko-swiebodzickiej","status":"publish","type":"page","link":"http:\/\/www.koleje.szprotawa.org.pl\/test\/dworzec-kolei-wroclawsko-swidnicko-swiebodzickiej\/","title":{"rendered":"Dworzec kolei Wroc\u0142awsko &#8211; \u015awidnicko &#8211; \u015awiebodzickiej"},"content":{"rendered":"<p>Zosta\u0142 usytuowany w po\u0142udniowo &#8211; zachodniej cz\u0119\u015bci miasta przy obecnym Placu Orl\u0105t Lwowskich. Budow\u0119 rozpocz\u0119to w 1842 roku i uko\u0144czono 28 pa\u017adziernika 1843. Obecnie dworzec nie jest u\u017cytkowany jako kolejowy, mie\u015bci si\u0119 tam teatr oraz targowisko.<\/p>\n<p><center><img decoding=\"async\" src=\"http:\/\/koleje.szprotawa.org.pl\/uploads\/images\/dworzec_swiebodzki.jpg\" alt=\"\" \/><\/center><img decoding=\"async\" src=\"http:\/\/koleje.szprotawa.org.pl\/theme\/default\/gfx\/p.gif\" alt=\"\" \/>\u00a0<a href=\"http:\/\/kolejzg.tmnet.pl\/topic,1,Wroclaw___Dworzec_Swiebodzki_(Breslau_Freiburger_Bhf.),52,galeria.html\"><strong>Wi\u0119cej zdj\u0119\u0107 kliknij tutaj &gt;&gt;&gt;<\/strong><\/a><\/p>\n<p><center><img decoding=\"async\" src=\"http:\/\/koleje.szprotawa.org.pl\/theme\/default\/gfx\/p.gif\" alt=\"\" \/>\u00a0<a href=\"http:\/\/www.koleje.szprotawa.org.pl\/test\/historia-kolei-na-dolnym-slasku\/\"><strong>Powr\u00f3t do historii<\/strong><\/a><\/center><\/p>\n","protected":false},"excerpt":{"rendered":"<p>Zosta\u0142 usytuowany w po\u0142udniowo &#8211; zachodniej cz\u0119\u015bci miasta przy obecnym Placu Orl\u0105t Lwowskich. Budow\u0119 rozpocz\u0119to w 1842 roku i uko\u0144czono 28 pa\u017adziernika 1843. Obecnie dworzec nie jest u\u017cytkowany jako kolejowy, mie\u015bci si\u0119 tam teatr oraz targowisko. \u00a0Wi\u0119cej zdj\u0119\u0107 kliknij tutaj &gt;&gt;&gt; \u00a0Powr\u00f3t do historii<\/p>\n","protected":false},"author":1,"featured_media":0,"parent":0,"menu_order":0,"comment_status":"open","ping_status":"open","template":"","meta":[],"_links":{"self":[{"href":"http:\/\/www.koleje.szprotawa.org.pl\/test\/wp-json\/wp\/v2\/pages\/169"}],"collection":[{"href":"http:\/\/www.koleje.szprotawa.org.pl\/test\/wp-json\/wp\/v2\/pages"}],"about":[{"href":"http:\/\/www.koleje.szprotawa.org.pl\/test\/wp-json\/wp\/v2\/types\/page"}],"author":[{"embeddable":true,"href":"http:\/\/www.koleje.szprotawa.org.pl\/test\/wp-json\/wp\/v2\/users\/1"}],"replies":[{"embeddable":true,"href":"http:\/\/www.koleje.szprotawa.org.pl\/test\/wp-json\/wp\/v2\/comments?post=169"}],"version-history":[{"count":0,"href":"http:\/\/www.koleje.szprotawa.org.pl\/test\/wp-json\/wp\/v2\/pages\/169\/revisions"}],"wp:attachment":[{"href":"http:\/\/www.koleje.szprotawa.org.pl\/test\/wp-json\/wp\/v2\/media?parent=169"}],"curies":[{"name":"wp","href":"https:\/\/api.w.org\/{rel}","templated":true}]}}