{"id":166,"date":"2012-11-02T20:55:18","date_gmt":"2012-11-02T20:55:18","guid":{"rendered":"http:\/\/www.koleje.szprotawa.org.pl\/test\/?page_id=166"},"modified":"2015-07-23T17:05:51","modified_gmt":"2015-07-23T17:05:51","slug":"166-2","status":"publish","type":"page","link":"http:\/\/www.koleje.szprotawa.org.pl\/test\/166-2\/","title":{"rendered":"Dworzec G\u00f3rno\u015bl\u0105ski"},"content":{"rendered":"<p style=\"text-align: justify;\">Zosta\u0142 usytuowany przy obecnej ulicy Ma\u0142achowskiego. Budow\u0119 rozpocz\u0119to 2 maja 1841, a uko\u0144czono 21 maja 1842. W budowli znajdowa\u0142y si\u0119 kasy biletowe, poczekalnie dla pasa\u017cer\u00f3w I, II i III klasy oraz restauracja. Peron nakryty by\u0142 pochy\u0142ym daszkiem, wspartym na kolumnach, znajdowa\u0142 si\u0119 po po\u0142udniowej cz\u0119\u015bci budynku. Po wybudowaniu Dworca Centralnego- Dworzec Kolei G\u00f3rno\u015bl\u0105skiej zacz\u0105\u0142 pe\u0142ni\u0107 rol\u0119 dworca towarowego. Budynek pierwszego dworca pe\u0142ni dzi\u015b rol\u0119 przychodni kolejowej, a na jego terenie znajduj\u0105 si\u0119 tory postojowe Dworca G\u0142\u00f3wnego. \u0141atwo do\u0144 trafi\u0107 wychodz\u0105c wej\u015bciem g\u0142\u00f3wnym z Dworca G\u0142\u00f3wnego PKP i skr\u0119caj\u0105c w prawo wzd\u0142u\u017c ulicy Ma\u0142achowskiego. Mijamy budynek poczty i plac po dawnym Dworcu PKS. Zaraz za poczt\u0105 znajduje si\u0119 opisany Dworzec Kolei G\u00f3rno\u015bl\u0105skiej. Wej\u015bciu na jego teren od strony ulicy nikt nie przeszkadza w godzinach pracy przychodni.<\/p>\n<p><center><img decoding=\"async\" src=\"http:\/\/koleje.szprotawa.org.pl\/uploads\/images\/gornoslaski.jpg\" alt=\"\" \/><\/center><img decoding=\"async\" src=\"http:\/\/koleje.szprotawa.org.pl\/theme\/default\/gfx\/p.gif\" alt=\"\" \/>\u00a0<a href=\"http:\/\/kolejzg.tmnet.pl\/topic,1,Wroclaw___Dworzec_Gornoslaski,50,galeria.html\"><strong>Wi\u0119cej zdj\u0119\u0107 kliknij tutaj &gt;&gt;&gt;<\/strong><\/a><\/p>\n<p><center><img decoding=\"async\" src=\"http:\/\/koleje.szprotawa.org.pl\/theme\/default\/gfx\/p.gif\" alt=\"\" \/>\u00a0<a href=\"http:\/\/www.koleje.szprotawa.org.pl\/test\/historia-kolei-na-dolnym-slasku\/\"><strong>Powr\u00f3t do historii<\/strong><\/a><\/center><\/p>\n","protected":false},"excerpt":{"rendered":"<p>Zosta\u0142 usytuowany przy obecnej ulicy Ma\u0142achowskiego. Budow\u0119 rozpocz\u0119to 2 maja 1841, a uko\u0144czono 21 maja 1842. W budowli znajdowa\u0142y si\u0119 kasy biletowe, poczekalnie dla pasa\u017cer\u00f3w I, II i III klasy oraz restauracja. Peron nakryty by\u0142 pochy\u0142ym daszkiem, wspartym na kolumnach, znajdowa\u0142 si\u0119 po po\u0142udniowej cz\u0119\u015bci budynku. Po wybudowaniu Dworca Centralnego- Dworzec Kolei G\u00f3rno\u015bl\u0105skiej zacz\u0105\u0142 pe\u0142ni\u0107 &hellip; <a href=\"http:\/\/www.koleje.szprotawa.org.pl\/test\/166-2\/\" class=\"more-link\">Czytaj dalej <span class=\"screen-reader-text\">Dworzec G\u00f3rno\u015bl\u0105ski<\/span><\/a><\/p>\n","protected":false},"author":1,"featured_media":0,"parent":0,"menu_order":0,"comment_status":"open","ping_status":"open","template":"","meta":[],"_links":{"self":[{"href":"http:\/\/www.koleje.szprotawa.org.pl\/test\/wp-json\/wp\/v2\/pages\/166"}],"collection":[{"href":"http:\/\/www.koleje.szprotawa.org.pl\/test\/wp-json\/wp\/v2\/pages"}],"about":[{"href":"http:\/\/www.koleje.szprotawa.org.pl\/test\/wp-json\/wp\/v2\/types\/page"}],"author":[{"embeddable":true,"href":"http:\/\/www.koleje.szprotawa.org.pl\/test\/wp-json\/wp\/v2\/users\/1"}],"replies":[{"embeddable":true,"href":"http:\/\/www.koleje.szprotawa.org.pl\/test\/wp-json\/wp\/v2\/comments?post=166"}],"version-history":[{"count":0,"href":"http:\/\/www.koleje.szprotawa.org.pl\/test\/wp-json\/wp\/v2\/pages\/166\/revisions"}],"wp:attachment":[{"href":"http:\/\/www.koleje.szprotawa.org.pl\/test\/wp-json\/wp\/v2\/media?parent=166"}],"curies":[{"name":"wp","href":"https:\/\/api.w.org\/{rel}","templated":true}]}}