{"id":152,"date":"2012-11-02T20:41:33","date_gmt":"2012-11-02T20:41:33","guid":{"rendered":"http:\/\/www.koleje.szprotawa.org.pl\/test\/?page_id=152"},"modified":"2012-11-02T20:41:33","modified_gmt":"2012-11-02T20:41:33","slug":"dolnoslaska-kolej-boczna-niederschlesische-zweigbahn-geselschaft","status":"publish","type":"page","link":"http:\/\/www.koleje.szprotawa.org.pl\/test\/dolnoslaska-kolej-boczna-niederschlesische-zweigbahn-geselschaft\/","title":{"rendered":"Dolno\u015bl\u0105ska Kolej Boczna (Niederschlesische Zweigbahn Geselschaft)"},"content":{"rendered":"<p>Plany budowy linii kolejowych w okolicach \u017bagania i Szprotawy istnia\u0142y ju\u017c od dawna. Przyk\u0142ady zosta\u0142y podane w dziale o historii kolei w okolicach Szprotawy. Jak wiadomo inicjatorzy budowy linii kolejowej z Berlina do Wroc\u0142awia przez \u017baga\u0144, Szprotaw\u0119 uzyskali w 1842 roku koncesj\u0119 na budow\u0119, kt\u00f3r\u0105 uniewa\u017cniono w zwi\u0105zku z brakiem wystarczaj\u0105cej liczby funduszy. Niepowodzenie to i przej\u0119cie budowy linii kolejowej z Berlina do Wroc\u0142awia przez inne towarzystwo kolejowe (Kolej Dolno\u015bl\u0105sko &#8211; Marchijsk\u0105) w dodatku z pomini\u0119ciem \u017bagania i Szprotawy sta\u0142y si\u0119 przyczynkiem do zawi\u0105zania si\u0119 towarzystwa skupiaj\u0105cego ludzi zainteresowanych budow\u0105 nowego po\u0142\u0105czenia kolejowego.<\/p>\n<p>Mia\u0142o ono przebiega\u0107 z G\u0142ogowa (tutaj najwi\u0119kszym zwolennikiem budowy by\u0142 dr Gustaw Bail &#8211; za\u0142o\u017cyciel G\u0142ogowskiego towarzystwa Kolejowego**) do Szprotawy (wymieni\u0107 tutaj nale\u017cy Joahima Deckera, przedsi\u0119biorc\u0119 i hurtownika produkt\u00f3w rolnych, kt\u00f3ry nale\u017ca\u0142 do g\u0142\u00f3wnych propagator\u00f3w tej idei*) i dalej do \u017bagania by nast\u0119pnie po\u0142\u0105czy\u0107 si\u0119 z budowan\u0105 lini\u0105 z Berlina do Wroc\u0142awia. W 1843 roku zawi\u0105zuje si\u0119 towarzystwo, kt\u00f3re przygotowuje statut. Po zako\u0144czeniu prac nad statutem tj. zatwierdzeniu go przez cz\u0142onk\u00f3w sp\u00f3\u0142ki w formie aktu notarialnego (negocjacje odbywa\u0142y si\u0119 4 marca i 25 wrze\u015bnia 1844), inicjatorzy wyst\u0119puj\u0105 do kr\u00f3la Prus Fryderyka Wilhelma o udzielenie koncesji i zatwierdzenie statutu (1844) oraz rozpoczynaj\u0105 zbieranie wystarczaj\u0105cej ilo\u015bci funduszy na budow\u0119 (kapita\u0142 wynosi\u0142 1,35 mln talar\u00f3w).<\/p>\n<p>Sp\u00f3\u0142ka zostaje zarejestrowana jako Dolno\u015bl\u0105ska Kolej Boczna (Niederschlesische Zwiegbahn Geselschaft). Koncesja na budow\u0119 zostaje udzielona 8 listopada 1844 roku, pierwsze wst\u0119pne prace budowlane ruszy\u0142y w sierpniu 1844 roku.<\/p>\n<p><center><a href=\"http:\/\/galeriakolejowa.szprotawa.org.pl\/displayimage.php?album=219&amp;pos=0\" target=\"_blank\"><img decoding=\"async\" src=\"http:\/\/koleje.szprotawa.org.pl\/uploads\/images\/statut_min.jpg\" alt=\"\" border=\"0\" \/><\/a><br \/>\nStatut sp\u00f3\u0142ki strona tytu\u0142owa (aby powi\u0119kszy\u0107 kliknij w obrazek)<\/p>\n<p><strong>Statut<\/strong><\/center><br \/>\nStatut ten zawiera\u0142 71 paragraf\u00f3w i by\u0142 podzielony na trzy rozdzia\u0142y.<br \/>\nI. Tworzenie, cel i kapita\u0142 sp\u00f3\u0142ki.<br \/>\nII. Zawiera\u0142 postanowienia odno\u015bnie akcji, akcjonariuszy, odstetek i dywidendy.<br \/>\nIII. Rozdzia\u0142 zawiera\u0142 Konstytucj\u0119 sp\u00f3\u0142ki i postanowienia odno\u015bnie zarz\u0105dzania jej interesami.<br \/>\nZgodnie z postanowieniami statutu celem sp\u00f3\u0142ki jest po\u0142\u0105czenie lini\u0105 kolejow\u0105 G\u0142ogowa, Szprotawy, \u017bagania z Kolej\u0105 Dolno\u015bl\u0105sko &#8211; Marchijsk\u0105, utrzymanie wspomnianej linii i transport towar\u00f3w, ludzi oraz innych przedmiot\u00f3w u\u017cytkowych. Dokument okre\u015bla\u0142 tak\u017ce przybli\u017cony przebieg linii. Mia\u0142a wi\u0119c ona prowadzi\u0107 z G\u0142ogowa przez Gaworzyce (Quaritz), Niegos\u0142awice (Waltersdorf), Szprotaw\u0119 (Sprottau), Bukowin\u0119 Bobrza\u0144sk\u0105 (Buchwald), Moczy\u0144 (Polnisch Machen) oraz \u017baga\u0144 (Sagan). Po\u0142\u0105czenie z kolej\u0105 Dolno\u015bl\u0105sko &#8211; Marchijsk\u0105 mia\u0142o by\u0107 przedmiotem ustale\u0144 pomiedzy towarzystwami. Zgodnie z par. 3 Towarzystwo b\u0119dzie prowadzi\u0142o transport za pomoc\u0105 lokomotyw parowych lub innymi \u015brodkami transportu zakupionymi na w\u0142asny rachunek. Siedziba sp\u00f3\u0142ki mie\u015bci\u0142a si\u0119 w G\u0142ogowie. S\u0105dem w\u0142a\u015bciwym w sprawach sp\u00f3\u0142ki by\u0142 s\u0105d miasta G\u0142ogowa. Wi\u0119cej informacji o statucie wkr\u00f3tce.<\/p>\n<p><center><strong>Dzieje sp\u00f3\u0142ki i linii po uzyskaniu koncesji<\/p>\n<p><\/strong><\/center>Jeszcze przed uzyskaniem koncesji sp\u00f3\u0142ka przyst\u0119puje do prac zwi\u0105zanych ze szczeg\u00f3\u0142owym wyznaczeniem przebiegu trasy, po\u0142\u0105czeniem si\u0119 z Kolej\u0105 Dolno\u015bl\u0105sko &#8211; Marchijsk\u0105 oraz rozpocz\u0119ciem budowy. Jak wiadomo stacj\u0105 w\u0119z\u0142ow\u0105 b\u0119d\u0105c\u0105 po\u0142\u0105czeniem kolei z G\u0142ogowa z kolej\u0105 Wroc\u0142aw &#8211; Berlin zosta\u0142a niewielka wie\u015b Jankowa \u017baga\u0144ska nie za\u015b \u017bary jak wcze\u015bniej planowano. Tym samym ta niewielka miejscowo\u015b\u0107 sta\u0142a si\u0119 najsarszym w\u0119z\u0142em kolejowym w wojew\u00f3dztwie lubuskim i 3 na Dolnym \u015bl\u0105sku.<\/p>\n<p>Powody takiej decyzji s\u0105 do dzisiaj niejasne. Grzegorz Dawczyk w pracy &#8220;Z dziej\u00f3w historii kolei \u017celaznych na Ziemi \u017barskiej&#8221; stara si\u0119 udzieli\u0107 odpowiedzi na takie ulokowanie w\u0119z\u0142a. Jak podkre\u015bla autor: &#8220;Stacj\u0105 w\u0119z\u0142ow\u0105 nie sta\u0142y si\u0119 jednak \u017bary tylko malutka wie\u015b Jankowa \u017baga\u0144ska, co zdumia\u0142o niemal wszystkich zainteresowanych. W rachub\u0119 wchodzi\u0142a ponadto I\u0142owa oraz Kunice, gdzie grunty, kt\u00f3re trzeba by\u0142o wykupi\u0107 od w\u0142a\u015bcicieli okaza\u0142y si\u0119 zbyt drogie.<\/p>\n<p>Dlaczego wybrano w\u0142a\u015bnie Jankow\u0105 \u017baga\u0144sk\u0105 dok\u0142adnie nie wiadomo i dla wi\u0119kszo\u015bci badaczy postanowienie to wydaje si\u0119 tajemnicze i niezrozumia\u0142e. Przes\u0142anki gospodarcze raczej nie mia\u0142y tutaj znaczenia, poniewa\u017c przemys\u0142 drzewny i ceramiczny rozwin\u0105\u0142 si\u0119 we wsi dopiero wiele lat p\u00f3\u017cniej. Najbardziej prawdopodobnymi czynnikami przemawiaj\u0105cymi za takim ulokowaniem trasy s\u0105 bardziej z\u0142o\u017cone stosunki terenowe na odciknku \u017baga\u0144 &#8211; \u017bary, a tak\u017ce problemy personalne polegaj\u0105ce na braku porozumienia mi\u0119dzy w\u0142a\u015bcicielami sp\u00f3\u0142ki a magistratem \u017barskim i Kolej\u0105 Dolno\u015bl\u0105sko &#8211; Marchijsk\u0105.<\/p>\n<p>Ponadto wariant ten mia\u0142 by\u0107 jakby kompromisem dla \u017bar i I\u0142owej. Wygl\u0105da na to, \u017ce Odnoga mia\u0142a wi\u0119ksze znaczenie w kontek\u015bcie po\u0142\u0105czenia G\u0142ogowa z Dreznem ni\u017c z Berlinem, o czym mo\u017ce \u015bwiadczy\u0107 w\u0142\u0105czenie linii do linii g\u0142\u00f3wnej w Jankowej od p\u00f3\u0142nocnego wschodu. Poza tym ju\u017c wcze\u015bniej przypuszczano, \u017ce dojdzie do realizacji kolei z Legnicy do Szczecina przez Rzepin, gdzie mog\u0142oby nast\u0105pi\u0107 rych\u0142e po\u0142\u0105czenie z tras\u0105 Frankfurt &#8211; Berlin, co w sumie umo\u017cliwia\u0142oby po\u0142\u0105czenie G\u0142ogowa z Berlinem&#8221;***.<\/p>\n<p>Osobi\u015bcie akceptowa\u0142bym argument dotycz\u0105cy z\u0142o\u017conych stosunk\u00f3w terenowych. Analizuj\u0105c map\u0119 terenu wida\u0107 wyra\u017anie, \u017ce uk\u0142ad linii w terenie wyra\u017anie ukszta\u0142towano tak, aby omija\u0142 on Wzniesienia \u017barskie. Linia na odcinku z Jankowej do \u017bagania i tak jest poprowadzona w do\u015b\u0107 trudnym terenie (d\u0142ugie wa\u0142y i kilka imponuj\u0105cych wiadukt\u00f3w). Jednak\u017ce odpad\u0142a konieczno\u015b\u0107 przedzierania si\u0119 i niwelowania r\u00f3\u017cnic prowadz\u0105c szlak z \u017bar do \u017bagania przez wzniesienia, co wydatnie podnios\u0142oby koszty budowy). Pierwsza miejscowo\u015b\u0107, kt\u00f3ra le\u017ca\u0142a przy planowanej magistrali Wroc\u0142aw &#8211; Berlin usytuowana blisko \u017bar i po\u0142o\u017cona tak, aby omin\u0105\u0107 Wzniesienia to w\u0142a\u015bnie Jankowa \u017baga\u0144ska. Argument z ulokowaniem stacji w\u0119z\u0142owej w I\u0142owej raczej nie ma sensu, by\u0142oby to zbyt wielkie odchylenie od linii do Berlina (bior\u0105c pod uwag\u0119 fakt, \u017ce w pierwszym rozk\u0142adzie by\u0142a mo\u017cliwo\u015b\u0107 przesiadki na poci\u0105gi do z Berlina).<\/p>\n<p><center><iframe loading=\"lazy\" src=\"http:\/\/maps.google.com\/maps\/ms?ie=UTF8&amp;hl=pl&amp;msa=0&amp;msid=103156326325955777380.00047a76fe433144536ec&amp;ll=51.642844,15.903568&amp;spn=0.074569,0.145912&amp;z=12&amp;output=embed\" frameborder=\"0\" marginwidth=\"0\" marginheight=\"0\" scrolling=\"no\" width=\"425\" height=\"350\"><\/iframe><br \/>\n<small>Poka\u017c\u00a0<a href=\"http:\/\/maps.google.com\/maps\/ms?ie=UTF8&amp;hl=pl&amp;msa=0&amp;msid=103156326325955777380.00047a76fe433144536ec&amp;ll=51.642844,15.903568&amp;spn=0.074569,0.145912&amp;z=12&amp;source=embed\">Linia nr 14 istniej\u0161cy i planowany przebieg<\/a>\u00a0na wi\u0119kszej mapie<\/small><\/center><\/p>\n<p>Jak podkre\u015bla Pawe\u0142 \u0141achowski w artykule pt. linia kolejowa Jankowa \u017baga\u0144ska &#8211; G\u0142og\u00f3w sp\u00f3\u0142ka wytyczaj\u0105c tras\u0119 stan\u0119\u0142a jeszcze przed jednym dylematem. Jak przeprowadzi\u0107 szlak w okolicach Wzg\u00f3rz Dalkowskich. Pierwotnie planowano, aby tory bieg\u0142y wariantem skr\u00f3conym w pobli\u017cu wsi Dalk\u00f3w. Wariant ten nie doszed\u0142 jednak do skutku, gdy\u017c konieczno\u015b\u0107 budowy wa\u0142\u00f3w oraz kopania w\u0105woz\u00f3w, budowa ewentualnych obiekt\u00f3w in\u017cynieryjnych przewy\u017csza\u0142y mo\u017cliwo\u015bci sp\u00f3\u0142ki. Zdecydowano si\u0119 &#8220;obej\u015b\u0107&#8221; Wzg\u00f3rza i zbudowa\u0107 tory w wariancie okr\u0119\u017cnym przez K\u0142obuczyn.<\/p>\n<p><center><img decoding=\"async\" src=\"http:\/\/koleje.szprotawa.org.pl\/uploads\/images\/glogow_dworzec.jpg\" alt=\"\" border=\"0\" \/><br \/>\nDrugi dworzec kolejowy w G\u0142ogowie oddany po otwarciu linii do Leszna<\/center><br \/>\nPrace budowlane nabra\u0142y tempa wiosn\u0105 1845 roku. Do najtrudniejszych zada\u0144, jakie stan\u0119\u0142y przed budowniczymi by\u0142a budowa dw\u00f3ch sporej wielko\u015bci most\u00f3w na Czernej i na Bobrze. Ponadto in\u017cynierowie musieli dokona\u0107 budowy kilkunastu mniejszych przepust\u00f3w nad drogami lub okolicznymi rowami. Konieczne by\u0142o tak\u017ce usypanie nasyp\u00f3w ziemnych przy wi\u0119kszych obni\u017ceniach terenu. Jak podkre\u015bla Pawe\u0142 \u0141achowski w cytowanej wy\u017cej pracy sp\u00f3\u0142ka tn\u0105c koszty budowy zdecydowa\u0142a si\u0119 na budow\u0119 drewnianych obiekt\u00f3w mostowych oraz przepust\u00f3w. Stopniowo jednak obiekty in\u017cynieryjne by\u0142y przebudowywane na ceglane. Istotnym problemem by\u0142a lokalizacja budynku dworca w G\u0142ogowie. Miasto by\u0142o jak wiadomo twierdz\u0105 dlatego sp\u00f3\u0142ka musia\u0142a jako\u015b zaradzi\u0107 temu problemowi. Infrastruktura kolejowa zosta\u0142a zlokalizowana w p\u00f3\u0142nocno &#8211; zachodniej cz\u0119\u015bci miasta poza obr\u0119bem twierdzy (przy ul. Elektrycznej i ul. Korchmalnej). Obiekt dworcowy s\u0142u\u017cy\u0142 do roku 1858, kiedyto dokonano otwarcia kolei G\u0142og\u00f3w &#8211; Leszno. Od tego momentu dworzec przeniesiono (budynek stoi do dzisiaj przy peronie 2 stacji, jest on jednak w bardzo zmienionej postaci). Robotnicy kolejowi pracuj\u0105cy przy budowie byli bardzo \u017ale traktowani, w listopadzie 1845 roku 1500 robotnik\u00f3w zastrajkowa\u0142o, do zd\u0142awienia rozruch\u00f3w musiano u\u017cy\u0107 wojska i policji (informacja pochodzi z pracy pt. Wirtschafts &#8211; und Technikgeschichte Preussens autorstwa Wilhelma Treue).<\/p>\n<p>Stacje i przystanki ulokowano w G\u0142ogowie (koszt budowy infrastruktury wyni\u00f3s\u0142 70 tysi\u0119cy talar\u00f3w), K\u0142obuczynie (Klopschen, koszt budowy przystanku wyni\u00f3s\u0142 20 tysi\u0119cy talar\u00f3w), Gaworzycach (koszt budowy przystanku wyni\u00f3s\u0142 3000 talar\u00f3w), Niegos\u0142awicach, Szprotawie, Bukowinie Bobrza\u0144skiej, \u017baganiu oraz w Jankowej \u017baga\u0144skiej. Zapewne infrastruktura kolejowa szczeg\u00f3lnie w stacyjkach wiejskich by\u0142a bardzo uboga, jej rozbudowa nast\u0119powa\u0142a w wyniku p\u00f3\u017aniejszych modernizacji.<\/p>\n<p><center><img decoding=\"async\" src=\"http:\/\/koleje.szprotawa.org.pl\/uploads\/images\/wysokosci.jpg\" alt=\"\" border=\"0\" \/><br \/>\nPo\u0142o\u017cenie dworc\u00f3w kolejowych &#8211; wysoko\u015b\u0107 na poziomem morza (\u017ar\u00f3d\u0142o: Zeitschrift fur allgemeine Erdkunde autorstwa H.V. Dowe &#8230; Berlin 1860)<\/center><br \/>\nBudowa post\u0119powa\u0142a bardzo szybko. Znaczna cz\u0119\u015b\u0107 trasy zosta\u0142a zaprojektowana wzd\u0142u\u017c, wododzia\u0142\u00f3w co nie tylko ograniczy\u0142o zakres kosztownych rob\u00f3t ziemnych ale tak\u017ce ilo\u015b\u0107 niezb\u0119dnych most\u00f3w i przepust\u00f3w. Tor budowano ze stalowych szyn systemu Stephensona mocowanych do drewnianych podk\u0142adach. Jedna szyna mierzy\u0142a 4,57 m i wa\u017cy\u0142a 107 kg. Spadki pod\u0142u\u017cne toru nie przekracza\u0142y 5 promili a promienie \u0142uk\u00f3w nie by\u0142y mniejsze ni\u017c 850 m. W celu zapewnienia bezpiecze\u0144stwa ruchu lini\u0119 wyposa\u017cono w urz\u0105dzenia sygnalizacyjne w postaci semafor\u00f3w, kolorowych \u015bwiate\u0142 i flag a na skrzy\u017cowaniach toru z drogami ustawiono szlabany.<\/p>\n<p>R\u00f3wnolegle z torami budowano mosty, budynki stacyjne i zaplecze techniczne. Pierwszy poci\u0105g pr\u00f3bny o relacji G\u0142og\u00f3w &#8211; \u017baga\u0144 przejecha\u0142 lini\u0105 26 lipca 1846 roku tj. w nieca\u0142e 2 lata od rozpocz\u0119cia budowy. Prace budowlane uko\u0144czono we wrze\u015bniu 1846 roku.<\/p>\n<p>1 pa\u017adziernika 1846 roku lini\u0105 przejecha\u0142 pierwszy poci\u0105g o ca\u0142ej relacji tj. Jankowa \u017baga\u0144ska &#8211; G\u0142og\u00f3w i data jest uznawana za oficjalne otwarcie linii****. Na pierwsze regularne po\u0142\u0105czenia przysz\u0142o pasa\u017cerom jeszcze poczeka\u0107 do 1 listopada 1846 (w okresie od 1 X do 1 XI zapewne trwa\u0142y jeszcze prace wyko\u0144czeniowe). Do obs\u0142ugi ruchu kolejowego sp\u00f3\u0142ka zakupi\u0142a w 1846 2 parowozy typu 1Bn2 (Hermann i Windsbraut) o rozstawie 1435 mm. Ich producentem by\u0142o przedsi\u0119biorstwo pn. Nowa Berli\u0144ska Odlewnia (Neue Berliner Giesserei) w\u0142asno\u015b\u0107 F. A. Egellsa. To samo przedsi\u0119biorstwo dokona\u0142o przer\u00f3bki 3 parowozu wyprodukowanego w 1843 roku. By\u0142a to maszyna typu B1n2 i najpierw s\u0142u\u017cy\u0142a w kolejce Berlin &#8211; Poczdam &#8211; Magdeburg i nosi\u0142a nazw\u0119 &#8220;Preusse&#8221;. W 1853 roku zosta\u0142a sprzedana i przebudowana przez firm\u0119 Borsig. Od tego momentu parow\u00f3z s\u0142u\u017cy\u0142 na linii Kolonia &#8211; Mindener. Niestety nie uda\u0142o si\u0119 dotrze\u0107 do zdj\u0119\u0107 lub schemat\u00f3w konstrukcji wspomnianych maszyn. Sp\u00f3\u0142ka kolejowa na pocz\u0105tku swojej dzia\u0142alno\u015bci posiada\u0142a jeszcze jeden parow\u00f3z tym razem wyprodukowany przez firm\u0119 Borsig. Ten egzemplarz pochodzi\u0142 z 1844 roku i s\u0142u\u017cy\u0142 na macierzystej linii do 1850 roku, kiedyto przeszed\u0142 na w\u0142asno\u015b\u0107 kolei Westfalskiej. Model tego parowozu by\u0142 oznaczony jako 1A1n2.<\/p>\n<p><center><img decoding=\"async\" src=\"http:\/\/koleje.szprotawa.org.pl\/uploads\/rozklady\/1846.jpg\" alt=\"\" border=\"0\" \/><br \/>\nPierwszy rozk\u0142ad jazdy<\/center><br \/>\nPierwszy rozk\u0142ad jazdy by\u0142 niestety bardzo skromny. Kursowa\u0142y 2 pary poci\u0105g\u00f3w (prawdopodobnie mieszanych osobowo &#8211; towarowych). Sk\u0142ady mija\u0142y si\u0119 w Szprotawie. Poci\u0105gi do\/z G\u0142ogowa by\u0142y w Jankowej skomunikowane z poci\u0105gami do\/z Berlina (kierunek G\u0142og\u00f3w &#8211; Berlin p. z G\u0142ogowa 9.35, odjazd do Berlina 9.59, p. z G\u0142ogowa 16.19, odjazd do Berlina 16.38, w drug\u0105 stron\u0119 p. z Berlina 7.50 odjazd do G\u0142ogowa 7.55, przyjazd z Berlina 14.30, odjazd do G\u0142ogowa 14.50). Jak wida\u0107 dla inicjator\u00f3w budowy odcinka bocznego istotny by\u0142 Berlin nie Wroc\u0142aw. J. Gutowski podkre\u015bla, \u017ce szybko\u015b\u0107 z jak\u0105 budowano lini\u0119 odbi\u0142a si\u0119 potem niekorzystnie, gdy\u017c dochodzi\u0142o do cz\u0119stych wykoleje\u0144 poci\u0105g\u00f3w. Spowodowa\u0142o to niech\u0119\u0107 do podr\u00f3\u017cowania i o ma\u0142y w\u0142os nie doprowadzi\u0142o do bankructwa sp\u00f3\u0142ki.<\/p>\n<p>Dalsze losy linii oraz sp\u00f3\u0142ki nie zosta\u0142y jak na razie poznane. Wiadomo, \u017ce w latach 60 tych XX wieku musia\u0142a nast\u0105pi\u0107 poprawa koniunktury, gdy\u017c w 1865 roku sp\u00f3\u0142ka zakupi\u0142a 3 parowozy pospieszne typu 1Bn2, kt\u00f3re s\u0142u\u017cy\u0142y kolei do 1873 roku. Zanim jednak sp\u00f3\u0142ka zosta\u0142a upa\u0144stwowiona dokona\u0142a ona jeszcze budowy jednego odcinka kolejowego. Chodzi mianowicie o budow\u0119 odcinka \u017bary &#8211; \u017baga\u0144. Ten kr\u00f3tki szlak mia\u0142 bardzo istotne znaczenie. Nale\u017cy zwr\u00f3ci\u0107 uwag\u0119, \u017ce w 1858 roku Towarzystwo Kolei G\u00f3rno\u015bl\u0105skiej odda\u0142o do u\u017cytku po\u0142\u0105czenie o relacji Leszno &#8211; G\u0142og\u00f3w. Tym samym linia zaczynaj\u0105ca si\u0119 w Jankowej ko\u0144czy\u0142a si\u0119 teraz znacznie dalej tj. w Lesznie. Plany jej dalszego przed\u0142u\u017cenia na wsch\u00f3d zapewne ju\u017c wtedy istnia\u0142y. R\u00f3wnie\u017c rozw\u00f3j szlaku na zach\u00f3d by\u0142 tylko kwesti\u0105 czasu. Wiele miast w tym Forst oraz Cottbus by\u0142o bardzo niezadowolonych z przebiegu linii kolejowej zbudowanej przez sp\u00f3\u0142k\u0119 Dolno\u015bl\u0105ska Kolej Boczna.<\/p>\n<p><center><img decoding=\"async\" src=\"http:\/\/koleje.szprotawa.org.pl\/uploads\/images\/taryfa.jpg\" alt=\"\" border=\"0\" \/><br \/>\nWysoko\u015b\u0107 op\u0142at za przewozy osobowe (\u017ar\u00f3d\u0142o: Neuester Eisenbahn-atlas von Deutschland, Belgien, Holland&#8230;)<\/center><br \/>\nZarzucali oni sp\u00f3\u0142ce wyrzucenie pieni\u0119dzy w b\u0142oto, egoizm, brak przestrzennego rozumowania. Wiadomym wi\u0119c by\u0142o, \u017ce w najbli\u017cszym czasie dojdzie do budowy nowego po\u0142\u0105czenia kolejowego. Budow\u0105 odcinka z Halle do \u017bar przez Cottbus i Forst zaj\u0119\u0142a si\u0119 nowo zawi\u0105zana sp\u00f3\u0142ka Kolei Halle &#8211; \u017bary. Budowa zosta\u0142a uko\u0144czona 30 czerwca 1872 roku.<\/p>\n<p>Jak wida\u0107 pomi\u0119dzy \u017barami a \u017baganiem pozosta\u0142aby luka pomi\u0119dzy istniej\u0105cymi i budowanymi szlakami kolejowymi. Dlatego zdecydowano si\u0119 na budow\u0119 tej kr\u00f3tkiej \u0142\u0105cznicy. Koncesj\u0119 na jej budow\u0119 uzyska\u0142a w\u0142a\u015bnie Dolno\u015bl\u0105ska Kolej Boczna i sta\u0142o si\u0119 to 6 grudnia 1869. Szlak uko\u0144czono do 1871 roku. 31 grudnia 1871 przejecha\u0142 pierwszy poci\u0105g, data ta jest uznawana za moment otwarcia linii. \u017bary i \u017baga\u0144 sta\u0142y si\u0119 w\u0119z\u0142ami kolejowymi, gdzie zbiega\u0142y si\u0119 teraz po 3 linie. W \u017barach Dolno\u015bl\u0105ska Kolej Boczna wybudowa\u0142a odr\u0119bny dworzec, kt\u00f3ry znajdowa\u0142 si\u0119 na wsch\u00f3d od dworca upa\u0144stwowionej kolei Dolno\u015bl\u0105sko &#8211; Marchijskiej.<\/p>\n<p>Zastanawiaj\u0105ce mo\u017ce by\u0107 dlaczego tak d\u0142ugo trwa\u0142a budowa tak kr\u00f3tkiego odcinka???? Odpowiedzi udzieli\u0142 G. Dawczyk w cytowanej wcze\u015bniej pracy. Chodzi\u0142o o z\u0142\u00f3\u017cone stosunki terenowe mi\u0119dzy \u017barami a \u017baganiem. \u017bary s\u0105 po\u0142o\u017cone na wzniesieniach, \u017baga\u0144 natomiast w dolinie rzeki B\u00f3br. Spowodowa\u0142o to konieczno\u015b\u0107 budowy wysokich wa\u0142\u00f3w oraz d\u0142ugich przekop\u00f3w, co wydatnie podnosi\u0142o koszty budowy.<\/p>\n<p>Sp\u00f3\u0142ka mimo rozwoju infrastruktury kolejowej nie by\u0142a w stanie przechwyci\u0107 wa\u017cniejszych przewoz\u00f3w od kolei Dolno\u015bl\u0105sko &#8211; Marchijskiej, przez co nastawiona by\u0142a na obs\u0142ug\u0119 ruchu lokalnego. Zacz\u0119\u0142a popada\u0107 w coraz wi\u0119ksze problemy finansowe (wysokie koszty budowy odcinka \u017baga\u0144 &#8211; \u017bary oraz niska frekwencja pasa\u017cer\u00f3w). W konsekwencji w 1873 roku zostaje ona przej\u0119ta przez Kolej G\u00f3rno\u015bl\u0105sk\u0105. Wtedy tak\u017ce najprawdopodbniej zaczynaj\u0105 kursowa\u0107 poci\u0105gi bezpo\u015brednie do Leszna.<\/p>\n<p><center><img decoding=\"async\" src=\"http:\/\/koleje.szprotawa.org.pl\/uploads\/images\/rozkl.jpg\" alt=\"\" border=\"0\" \/><br \/>\nPierwszy rozk\u0142ad jazdy przedruk z pracy Neuester Eisenbahn-atlas von Deutschland, Belgien, Holland Hendschela<\/center><br \/>\nW 1878 roku ostatecznie sp\u00f3\u0142ka zostaje w\u0142\u0105czona w sie\u0107 kolei pa\u0144stwowych. W chwili upa\u0144stwowienia kolej dolno\u015bl\u0105ska mia\u0142a 659 wagon\u00f3w towarowych i 241 osobowych. Na tym ko\u0144cz\u0105 si\u0119 losy sp\u00f3\u0142ki, kt\u00f3ra przez 27 lat administrowa\u0142a wybudowanymi przez siebie po\u0142\u0105czeniami kolejowymi. Ju\u017c jako pa\u0144stwowa linia nadal nie by\u0142a zbyt ob\u0142o\u017cona liczba po\u0142acze\u0144. W 1885 roku kursowa\u0142y sk\u0142ady o relacjach z \u017bagania do Leszna, niekt\u00f3re pociagi tak\u017ce z Jankowej \u017baga\u0144skiej. Nadal funkcjonowa\u0142y tak\u017ce sk\u0142ady mieszane osobowo &#8211; towarowe.<\/p>\n<p>Przypisy:<br \/>\n* J. P. Majchrzak, Civitas Sprotavia<br \/>\n** J. Gutowski W\u0119dr\u00f3wki po dawnym G\u0142ogowie<br \/>\n*** G. Dawczyk, Z dziej\u00f3w historii (&#8230;)<br \/>\n**** by\u0142a to wi\u0119c druga historycznie w wojew\u00f3dztwie lubuskim, pierwsz\u0105 by\u0142a linia Wroc\u0142aw &#8211; Berlin przez I\u0142ow\u0119, \u017bary i Lubsko otwarta 1 wrze\u015bnia 1846.<\/p>\n","protected":false},"excerpt":{"rendered":"<p>Plany budowy linii kolejowych w okolicach \u017bagania i Szprotawy istnia\u0142y ju\u017c od dawna. Przyk\u0142ady zosta\u0142y podane w dziale o historii kolei w okolicach Szprotawy. Jak wiadomo inicjatorzy budowy linii kolejowej z Berlina do Wroc\u0142awia przez \u017baga\u0144, Szprotaw\u0119 uzyskali w 1842 roku koncesj\u0119 na budow\u0119, kt\u00f3r\u0105 uniewa\u017cniono w zwi\u0105zku z brakiem wystarczaj\u0105cej liczby funduszy. Niepowodzenie to &hellip; <a href=\"http:\/\/www.koleje.szprotawa.org.pl\/test\/dolnoslaska-kolej-boczna-niederschlesische-zweigbahn-geselschaft\/\" class=\"more-link\">Czytaj dalej <span class=\"screen-reader-text\">Dolno\u015bl\u0105ska Kolej Boczna (Niederschlesische Zweigbahn Geselschaft)<\/span><\/a><\/p>\n","protected":false},"author":1,"featured_media":0,"parent":0,"menu_order":0,"comment_status":"open","ping_status":"open","template":"","meta":[],"_links":{"self":[{"href":"http:\/\/www.koleje.szprotawa.org.pl\/test\/wp-json\/wp\/v2\/pages\/152"}],"collection":[{"href":"http:\/\/www.koleje.szprotawa.org.pl\/test\/wp-json\/wp\/v2\/pages"}],"about":[{"href":"http:\/\/www.koleje.szprotawa.org.pl\/test\/wp-json\/wp\/v2\/types\/page"}],"author":[{"embeddable":true,"href":"http:\/\/www.koleje.szprotawa.org.pl\/test\/wp-json\/wp\/v2\/users\/1"}],"replies":[{"embeddable":true,"href":"http:\/\/www.koleje.szprotawa.org.pl\/test\/wp-json\/wp\/v2\/comments?post=152"}],"version-history":[{"count":0,"href":"http:\/\/www.koleje.szprotawa.org.pl\/test\/wp-json\/wp\/v2\/pages\/152\/revisions"}],"wp:attachment":[{"href":"http:\/\/www.koleje.szprotawa.org.pl\/test\/wp-json\/wp\/v2\/media?parent=152"}],"curies":[{"name":"wp","href":"https:\/\/api.w.org\/{rel}","templated":true}]}}