{"id":148,"date":"2012-11-02T20:39:48","date_gmt":"2012-11-02T20:39:48","guid":{"rendered":"http:\/\/www.koleje.szprotawa.org.pl\/test\/?page_id=148"},"modified":"2012-11-02T20:59:19","modified_gmt":"2012-11-02T20:59:19","slug":"historia-kolei-na-dolnym-slasku","status":"publish","type":"page","link":"http:\/\/www.koleje.szprotawa.org.pl\/test\/historia-kolei-na-dolnym-slasku\/","title":{"rendered":"Historia kolei na Dolnym \u015al\u0105sku"},"content":{"rendered":"<p>Poni\u017cej kr\u00f3tka historia powstania sieci linii kolejowych na Dolnym \u015al\u0105sku.<\/p>\n<p><center><img decoding=\"async\" src=\"http:\/\/koleje.szprotawa.org.pl\/uploads\/images\/parowoz.jpg\" alt=\"\" \/><\/center>Za pocz\u0105tek kolei na Dolnym \u015al\u0105sku uwa\u017cana jest data 22 maja 1842 roku, kiedy to dokonano otwarcia pierwszego po\u0142\u0105czenia. By\u0142a to linia Wroc\u0142aw &#8211; O\u0142awa, liczy\u0142a ona nieco ponad 26 kilometr\u00f3w d\u0142ugo\u015bci. Jeszcze w 1842 roku dokonano przed\u0142u\u017cenia linii do miasta Brzeg. Otwarcie tego odcinka nast\u0105pi\u0142o 3 sierpnia 1842 roku. Tak wi\u0119c do ko\u0144ca roku z Wroc\u0142awia mo\u017cna by\u0142o kolej\u0105 dojecha\u0107 do Brzegu pokonuj\u0105c \u0142\u0105cznie 42 kilometry. Dworzec kolejowy we Wroc\u0142awiu ulokowano w po\u0142udniowej cz\u0119\u015bci miasta, w pobli\u017cu obecnego dworca g\u0142\u00f3wnego. Nosi\u0142 on nazw\u0119\u00a0<a href=\"http:\/\/www.koleje.szprotawa.org.pl\/test\/166-2\/\"><strong>Dworzec G\u00f3rno\u015bl\u0105ski<\/strong><\/a>\u00a0(data budowy 1842). W 1843 roku dokonano rozbudowy sieci kolejowej. Najpierw oddano do u\u017cytku przed\u0142u\u017cenie linii w kierunku G\u00f3rnego \u015al\u0105ska. By\u0142 to odcinek Brzeg &#8211; Opole, data otwarcia 29 maja 1843. 29 X tego samego roku otwarto po\u0142\u0105czenie Wroc\u0142aw &#8211; \u015awiebodzice. By\u0142o to pierwsze po\u0142\u0105czenie miasta w kierunku po\u0142udniowo &#8211; zachodnim. Dworzec kolejowy we Wroc\u0142awiu ulokowano na zach\u00f3d od Starego Miasta, obecny\u00a0<a href=\"http:\/\/www.koleje.szprotawa.org.pl\/test\/dworzec-kolei-wroclawsko-swidnicko-swiebodzickiej\/\"><strong>Dworzec \u015awiebodzki<\/strong><\/a>\u00a0(nosi\u0142 on wtedy nazw\u0119 Dworzec kolei Wroc\u0142awsko &#8211; \u015awiebodzickiej, oddany do u\u017cytku 1843). Rok 1844 to okres dalszej rozbudowy. Oddano wtedy do u\u017cytku nast\u0119puj\u0105ce odcinki:<\/p>\n<p><strong>Jaworzyna \u015al\u0105ska &#8211; \u015awidnica<\/strong>\u00a021 lipca 1844, tym samym Jaworzyna \u015al\u0105ska sta\u0142a si\u0119 pierwszym w\u0119z\u0142em kolejowym na Dolnym \u015al\u0105sku;<\/p>\n<p><strong>Wroc\u0142aw &#8211; Legnica<\/strong>\u00a018 pa\u017adziernika 1844.<\/p>\n<p>W tym tak\u017ce roku otwarto nast\u0119pny dworzec kolejowy we Wroc\u0142awiu, nosi\u0142 on nazw\u0119\u00a0<a href=\"http:\/\/www.koleje.szprotawa.org.pl\/test\/dworzec-kolei-dolnoslasko-marchijskiej\/\"><strong>Dworzec Kolei Dolno\u015bl\u0105sko &#8211; Marchijskiej<\/strong><\/a>, ulokowany w okolicach dworca \u015awiebodzkiego. W 1845 roku dokonywano przed\u0142u\u017ce\u0144 istniej\u0105cych szlak\u00f3w. Oddano wtedy do u\u017cytku nast\u0119puj\u0105ce odcinki:<\/p>\n<p><strong>Legnica &#8211; Boles\u0142awiec<\/strong>\u00a01 pa\u017adziernika 1845;<\/p>\n<p><strong>Opole &#8211; K\u0119dzierzyn &#8211; Gliwice &#8211; \u015awi\u0119toch\u0142owice<\/strong>\u00a031 pa\u017adziernika 1845.<\/p>\n<p>W 1846 roku nast\u0105pi\u0142a dalsza rozbudowa:<\/p>\n<p><strong>K\u0119dzierzyn &#8211; Racib\u00f3rz<\/strong>\u00a01 kwietnia 1846;<\/p>\n<p><strong>Boles\u0142awiec &#8211; Wegliniec &#8211; I\u0142owa &#8211; \u017bary &#8211; Jasie\u0144 &#8211; Lubsko &#8211; Gubin<\/strong>\u00a01 wrze\u015bnia 1846;<\/p>\n<p><strong>Jankowa \u017baga\u0144ska &#8211; \u017baga\u0144 &#8211; Szprotawa &#8211; G\u0142og\u00f3w<\/strong>\u00a01 pa\u017adziernika 1846;<\/p>\n<p><strong>\u015awi\u0119toch\u0142owice &#8211; Katowice &#8211; Mys\u0142owice<\/strong>\u00a05 pa\u017adziernika 1846.<\/p>\n<p>W nast\u0119pnych latach otwarto po\u0142\u0105czenia do Grodkowa, Zgorzelca, Nysy.<\/p>\n","protected":false},"excerpt":{"rendered":"<p>Poni\u017cej kr\u00f3tka historia powstania sieci linii kolejowych na Dolnym \u015al\u0105sku. Za pocz\u0105tek kolei na Dolnym \u015al\u0105sku uwa\u017cana jest data 22 maja 1842 roku, kiedy to dokonano otwarcia pierwszego po\u0142\u0105czenia. By\u0142a to linia Wroc\u0142aw &#8211; O\u0142awa, liczy\u0142a ona nieco ponad 26 kilometr\u00f3w d\u0142ugo\u015bci. Jeszcze w 1842 roku dokonano przed\u0142u\u017cenia linii do miasta Brzeg. Otwarcie tego odcinka &hellip; <a href=\"http:\/\/www.koleje.szprotawa.org.pl\/test\/historia-kolei-na-dolnym-slasku\/\" class=\"more-link\">Czytaj dalej <span class=\"screen-reader-text\">Historia kolei na Dolnym \u015al\u0105sku<\/span><\/a><\/p>\n","protected":false},"author":1,"featured_media":0,"parent":0,"menu_order":0,"comment_status":"open","ping_status":"open","template":"","meta":[],"_links":{"self":[{"href":"http:\/\/www.koleje.szprotawa.org.pl\/test\/wp-json\/wp\/v2\/pages\/148"}],"collection":[{"href":"http:\/\/www.koleje.szprotawa.org.pl\/test\/wp-json\/wp\/v2\/pages"}],"about":[{"href":"http:\/\/www.koleje.szprotawa.org.pl\/test\/wp-json\/wp\/v2\/types\/page"}],"author":[{"embeddable":true,"href":"http:\/\/www.koleje.szprotawa.org.pl\/test\/wp-json\/wp\/v2\/users\/1"}],"replies":[{"embeddable":true,"href":"http:\/\/www.koleje.szprotawa.org.pl\/test\/wp-json\/wp\/v2\/comments?post=148"}],"version-history":[{"count":0,"href":"http:\/\/www.koleje.szprotawa.org.pl\/test\/wp-json\/wp\/v2\/pages\/148\/revisions"}],"wp:attachment":[{"href":"http:\/\/www.koleje.szprotawa.org.pl\/test\/wp-json\/wp\/v2\/media?parent=148"}],"curies":[{"name":"wp","href":"https:\/\/api.w.org\/{rel}","templated":true}]}}