{"id":137,"date":"2012-11-02T20:36:26","date_gmt":"2012-11-02T20:36:26","guid":{"rendered":"http:\/\/www.koleje.szprotawa.org.pl\/test\/?page_id=137"},"modified":"2017-05-15T18:07:00","modified_gmt":"2017-05-15T18:07:00","slug":"bocznica-leszno-gorne-pstrazestara-oleszna","status":"publish","type":"page","link":"http:\/\/www.koleje.szprotawa.org.pl\/test\/bocznica-leszno-gorne-pstrazestara-oleszna\/","title":{"rendered":"Bocznica Leszno G\u00f3rne &#8211; Pstr\u0105\u017ce\/Stara Oleszna"},"content":{"rendered":"<p>Bocznica kolejowa wychodz\u0105ca w po\u0142udniowo &#8211; wschodnim kierunku od linii \u017baga\u0144 &#8211; Legnica (stacja Leszno G\u00f3rne). Pocz\u0105tkowo jako jedno torowisko biegnie przez las zmieniaj\u0105c orientacj\u0119 na po\u0142udniowo &#8211; zachodni\u0105 i dalej zachodni\u0105. Potem po nasypie przebiega przez betonowy wiadukt nad drog\u0105 nr 297 Szprotawa &#8211; Boles\u0142awiec. Za mostem biegnie po nasypie, przed kolejnym wiaduktem torowiska rozwidlaj\u0105 si\u0119. To odchodz\u0105ce w lewo prowadzi przez Koz\u0142\u00f3w do Starej Olesznej. By\u0142o ono wykorzystywane jako bocznica do transportu \u017cwiru z pobliskich \u017cwirowni. Torowisko to by\u0142o u\u017cytkowane jeszcze w latach 90 tych. Tory biegn\u0105ce prosto na most po wysokim nasypie prowadz\u0105 do miejscowo\u015bci Pstr\u0105\u017ce. By\u0142y one wykorzystywane do transport\u00f3w dla wojska stacjonuj\u0105cego w tym obiekcie. Korzystali z niego Niemcy, potem Rosjanie. Po wyje\u017adzie Rosjan tory nie by\u0142y u\u017cytkowane, dopiero w zwi\u0105zku ze wst\u0105pieniem Polski do NATO i manewrami sojuszniczych wojsk dokonano remontu torowiska i jest ono wykorzystywane w czasie \u0107wicze\u0144. W Pstr\u0105\u017cu znajduje si\u0119 rampa wy\u0142adunkowa, torowisko ko\u0144czy si\u0119 wchodz\u0105c na teren obiekt\u00f3w wojskowych. Bocznica powsta\u0142a w latach 40 tych XX wieku, na mapie topograficznej z 1940 roku wida\u0107 j\u0105 jeszcze jako obiekt w trakcie budowy. Na mapie z 1936 roku w og\u00f3le jeszcze nie wida\u0107 \u015blad\u00f3w budowy. W 2013 roku wyburzono stary wiadukt nad drog\u0105 wojew\u00f3dzk\u0105 nr 297 i dokonano budowy nowego obiektu o wi\u0119kszym prze\u015bwicie.<\/p>\n<p><center><img decoding=\"async\" src=\"http:\/\/koleje.szprotawa.org.pl\/uploads\/images\/pstraze_most.jpg\" alt=\"\" \/><\/center><img decoding=\"async\" src=\"http:\/\/koleje.szprotawa.org.pl\/theme\/default\/gfx\/p.gif\" alt=\"\" \/>\u00a0<a href=\"http:\/\/kolejzg.tmnet.pl\/topic,1,Bocznica_Leszno_Gorne___Pstraze_Stara_Oleszna,139,galeria.html\"><strong>Wi\u0119cej zdj\u0119\u0107 kliknij tutaj &gt;&gt;&gt;<\/strong><\/a><\/p>\n<p><center><img decoding=\"async\" src=\"http:\/\/koleje.szprotawa.org.pl\/uploads\/images\/pstraze_min.png\" alt=\"\" \/><\/center><img decoding=\"async\" src=\"http:\/\/koleje.szprotawa.org.pl\/theme\/default\/gfx\/p.gif\" alt=\"\" \/> <a href=\"http:\/\/koleje.szprotawa.org.pl\/uploads\/images\/pstraze.png\"><strong>Aby obejrze\u0107 map\u0119 w powi\u0119kszeniu kliknij tutaj &gt;&gt;&gt;<\/strong><\/a><\/p>\n","protected":false},"excerpt":{"rendered":"<p>Bocznica kolejowa wychodz\u0105ca w po\u0142udniowo &#8211; wschodnim kierunku od linii \u017baga\u0144 &#8211; Legnica (stacja Leszno G\u00f3rne). Pocz\u0105tkowo jako jedno torowisko biegnie przez las zmieniaj\u0105c orientacj\u0119 na po\u0142udniowo &#8211; zachodni\u0105 i dalej zachodni\u0105. Potem po nasypie przebiega przez betonowy wiadukt nad drog\u0105 nr 297 Szprotawa &#8211; Boles\u0142awiec. Za mostem biegnie po nasypie, przed kolejnym wiaduktem torowiska &hellip; <a href=\"http:\/\/www.koleje.szprotawa.org.pl\/test\/bocznica-leszno-gorne-pstrazestara-oleszna\/\" class=\"more-link\">Czytaj dalej <span class=\"screen-reader-text\">Bocznica Leszno G\u00f3rne &#8211; Pstr\u0105\u017ce\/Stara Oleszna<\/span><\/a><\/p>\n","protected":false},"author":1,"featured_media":0,"parent":0,"menu_order":0,"comment_status":"open","ping_status":"open","template":"","meta":[],"_links":{"self":[{"href":"http:\/\/www.koleje.szprotawa.org.pl\/test\/wp-json\/wp\/v2\/pages\/137"}],"collection":[{"href":"http:\/\/www.koleje.szprotawa.org.pl\/test\/wp-json\/wp\/v2\/pages"}],"about":[{"href":"http:\/\/www.koleje.szprotawa.org.pl\/test\/wp-json\/wp\/v2\/types\/page"}],"author":[{"embeddable":true,"href":"http:\/\/www.koleje.szprotawa.org.pl\/test\/wp-json\/wp\/v2\/users\/1"}],"replies":[{"embeddable":true,"href":"http:\/\/www.koleje.szprotawa.org.pl\/test\/wp-json\/wp\/v2\/comments?post=137"}],"version-history":[{"count":0,"href":"http:\/\/www.koleje.szprotawa.org.pl\/test\/wp-json\/wp\/v2\/pages\/137\/revisions"}],"wp:attachment":[{"href":"http:\/\/www.koleje.szprotawa.org.pl\/test\/wp-json\/wp\/v2\/media?parent=137"}],"curies":[{"name":"wp","href":"https:\/\/api.w.org\/{rel}","templated":true}]}}