{"id":133,"date":"2012-11-02T20:35:12","date_gmt":"2012-11-02T20:35:12","guid":{"rendered":"http:\/\/www.koleje.szprotawa.org.pl\/test\/?page_id=133"},"modified":"2015-07-23T17:16:20","modified_gmt":"2015-07-23T17:16:20","slug":"bocznica-szprotawa-sklad-paliw-ul-kozuchowska","status":"publish","type":"page","link":"http:\/\/www.koleje.szprotawa.org.pl\/test\/bocznica-szprotawa-sklad-paliw-ul-kozuchowska\/","title":{"rendered":"Bocznica Szprotawa &#8211; sk\u0142ad paliw ul. Ko\u017cuchowska"},"content":{"rendered":"<p style=\"text-align: justify;\">Budowa bocznicy by\u0142a zwi\u0105zana z obs\u0142ug\u0105 lotniska w Wiechlicach ko\u0142o Szprotawy. Lotnisko wybudowano zbyt daleko linii kolejowych, istnia\u0142aby wi\u0119c konieczno\u015b\u0107 ci\u0105g\u0142ego transportowania paliwa do samolot\u00f3w drog\u0105 ko\u0142ow\u0105. W pobli\u017cu stacji zlokalizowano wi\u0119c obiekt wojskowy, po\u0142\u0105czony torowiskiem z lini\u0105 \u017baga\u0144 &#8211; G\u0142og\u00f3w. Na terenie tej bazy znajdowa\u0142a si\u0119 przepompownia, gdzie spuszczano paliwo z wagon\u00f3w i transportowano je ruroci\u0105giem na lotnisko. Przebieg. Sama bocznica &#8220;wybiega&#8221; od strony torowiska do G\u0142ogowa, potem skr\u0119ca na po\u0142udniowy zach\u00f3d i dalej na po\u0142udnie. Po ok. 300 metrach wchodzi na teren bazy paliwowej. Wjazd sk\u0142adu z paliwem odbywa\u0142 si\u0119 w nast\u0119puj\u0105cy spos\u00f3b. Poci\u0105g nadje\u017cd\u017caj\u0105cy od strony stacji Szprotawa na wysoko\u015bci nastawni przy ul. Ko\u017cuchowskiej zje\u017cd\u017ca\u0142 na torowisko (przeje\u017cd\u017caj\u0105c przez przejazd przy ul. Ko\u017cuchowskiej jest to torowisko najbli\u017cej miasta), kt\u00f3re prowadzi\u0142o specjalnie do obiektu. Bocznica umo\u017cliwia\u0142a tak\u017ce przejechanie na tor do sk\u0142adu nawet poci\u0105g\u00f3w stoj\u0105cych na najbardziej oddalonych torowiskach po\u0142o\u017conych po p\u00f3\u0142nocnej stronie stacji. Dzi\u0119ki temu sk\u0142ady jad\u0105ce od strony G\u0142ogowa mo\u017cna by\u0142o skierowa\u0107 na te torowiska i potem poprzez zwrotnic\u0119 dalej na tor do sk\u0142adu paliw. Potem poci\u0105g przeje\u017cd\u017ca\u0142 kilkadziesi\u0105t metr\u00f3w tym torem mijaj\u0105c zwrotnic\u0119 do sk\u0142adu (na wysoko\u015bci rozdzielni pr\u0105du). Doje\u017cd\u017ca\u0142 do \u015blepo zako\u0144czonego toru, zmieniano zwrotnic\u0119 i jad\u0105c do ty\u0142u zje\u017cd\u017ca\u0142 na tor do bazy. Dalej czeka\u0142 go jeszcze kilkudziesi\u0119ciometrowy przejazd wzd\u0142u\u017c ul. Szpitalnej, niestrze\u017cony przejazd kolejowy i wjazd na teren sk\u0142adu paliwa. Dlaczego nie zbudowano toru \u0142ukowego prowadz\u0105cego bezpo\u015brednio do sk\u0142adu, tylko zdecydowano si\u0119 na takie rozwi\u0105zanie? Teren w okolicy, kt\u00f3rego zbudowano sk\u0142ad paliw i bocznic\u0119 by\u0142 zbyt ma\u0142y aby wybudowa\u0107 tam \u0142uk dla torowiska. W stron\u0119 G\u0142ogowa za\u015b warunki budowy by\u0142y bardziej dogodne. Dlatego tor ze sk\u0142adu skierowano w tamt\u0105 stron\u0119, aby jednak umo\u017cliwi\u0107 dojazd wagon\u00f3w od strony stacji, zbudowano tor w kierunku stacji, kt\u00f3ry \u0142\u0105czy\u0142 si\u0119 z torem ze sk\u0142adu i dalej prowadzi\u0142 przez kilkana\u015bcie metr\u00f3w aby umo\u017cliwi\u0107 wjazd kilku wagon\u00f3w. Obecnie nie jest ona prawdopodobnie wykorzystywana do transportu cystern z paliwem.<\/p>\n<p><center><img decoding=\"async\" src=\"http:\/\/koleje.szprotawa.org.pl\/uploads\/images\/baza_paliw.jpg\" alt=\"\" \/><\/center><img decoding=\"async\" src=\"http:\/\/koleje.szprotawa.org.pl\/theme\/default\/gfx\/p.gif\" alt=\"\" \/>\u00a0<a href=\"http:\/\/kolejzg.tmnet.pl\/topic,1,Bocznica_Szprotawa___sklad_paliw,9,galeria.html\"><strong>Wi\u0119cej zdj\u0119\u0107 kliknij tutaj &gt;&gt;&gt;<\/strong><\/a><\/p>\n","protected":false},"excerpt":{"rendered":"<p>Budowa bocznicy by\u0142a zwi\u0105zana z obs\u0142ug\u0105 lotniska w Wiechlicach ko\u0142o Szprotawy. Lotnisko wybudowano zbyt daleko linii kolejowych, istnia\u0142aby wi\u0119c konieczno\u015b\u0107 ci\u0105g\u0142ego transportowania paliwa do samolot\u00f3w drog\u0105 ko\u0142ow\u0105. W pobli\u017cu stacji zlokalizowano wi\u0119c obiekt wojskowy, po\u0142\u0105czony torowiskiem z lini\u0105 \u017baga\u0144 &#8211; G\u0142og\u00f3w. Na terenie tej bazy znajdowa\u0142a si\u0119 przepompownia, gdzie spuszczano paliwo z wagon\u00f3w i transportowano &hellip; <a href=\"http:\/\/www.koleje.szprotawa.org.pl\/test\/bocznica-szprotawa-sklad-paliw-ul-kozuchowska\/\" class=\"more-link\">Czytaj dalej <span class=\"screen-reader-text\">Bocznica Szprotawa &#8211; sk\u0142ad paliw ul. Ko\u017cuchowska<\/span><\/a><\/p>\n","protected":false},"author":1,"featured_media":0,"parent":0,"menu_order":0,"comment_status":"open","ping_status":"open","template":"","meta":[],"_links":{"self":[{"href":"http:\/\/www.koleje.szprotawa.org.pl\/test\/wp-json\/wp\/v2\/pages\/133"}],"collection":[{"href":"http:\/\/www.koleje.szprotawa.org.pl\/test\/wp-json\/wp\/v2\/pages"}],"about":[{"href":"http:\/\/www.koleje.szprotawa.org.pl\/test\/wp-json\/wp\/v2\/types\/page"}],"author":[{"embeddable":true,"href":"http:\/\/www.koleje.szprotawa.org.pl\/test\/wp-json\/wp\/v2\/users\/1"}],"replies":[{"embeddable":true,"href":"http:\/\/www.koleje.szprotawa.org.pl\/test\/wp-json\/wp\/v2\/comments?post=133"}],"version-history":[{"count":0,"href":"http:\/\/www.koleje.szprotawa.org.pl\/test\/wp-json\/wp\/v2\/pages\/133\/revisions"}],"wp:attachment":[{"href":"http:\/\/www.koleje.szprotawa.org.pl\/test\/wp-json\/wp\/v2\/media?parent=133"}],"curies":[{"name":"wp","href":"https:\/\/api.w.org\/{rel}","templated":true}]}}