{"id":127,"date":"2012-11-02T20:12:54","date_gmt":"2012-11-02T20:12:54","guid":{"rendered":"http:\/\/www.koleje.szprotawa.org.pl\/test\/?page_id=127"},"modified":"2014-08-11T15:12:24","modified_gmt":"2014-08-11T15:12:24","slug":"linia-nr-389-zagan-jankowa-zaganska","status":"publish","type":"page","link":"http:\/\/www.koleje.szprotawa.org.pl\/test\/linia-nr-389-zagan-jankowa-zaganska\/","title":{"rendered":"Linia nr 389 \u017baga\u0144 &#8211; Jankowa \u017baga\u0144ska"},"content":{"rendered":"<p><center><img decoding=\"async\" src=\"http:\/\/koleje.szprotawa.org.pl\/uploads\/images\/most_czerna.jpg\" alt=\"\" \/><br \/>\nMost kolejowy nad Czern\u0105<\/center><\/p>\n<p style=\"text-align: justify;\">\nSzlak Jankowa \u017baga\u0144ska &#8211; \u017baga\u0144 liczy nieco ponad 11 kilometr\u00f3w. Jest to pozosta\u0142o\u015b\u0107 po powsta\u0142ej w 1846 linii o relacji Jankowa \u017baga\u0144ska &#8211; G\u0142og\u00f3w (tzw. Odnoga Dolno\u015bl\u0105ska). Umo\u017cliwi\u0142a ona po\u0142\u0105czenie \u017bagania, G\u0142ogowa, Szprotawy z magistral\u0105 Wroc\u0142aw &#8211; Berlin. Tym samym uczyni\u0142a z Jankowej najstarszy weze\u0142 kolejowy w okolicy. Znaczenie linii spad\u0142o po wybudowaniu w 1871 roku odcinka \u017baga\u0144 &#8211; \u017bary. W wyniku tego zabiegu sk\u0142ady wa\u017cniejszych relacji kursowa\u0142y po trasie przez \u017bary. Odcinek \u017baga\u0144 &#8211; Jankowa nastawiony by\u0142 na osb\u0142ug\u0119 ruchu lokalnego. Po wojnie linia jest ca\u0142y czas u\u017cytkowana. Obecnie odbywa si\u0119 po niej jedynie transport towarowy nastawiony g\u0142\u00f3wnie na objazd magistrali W\u0119gliniec &#8211; Mi\u0142kowice. Odcinek ten by\u0142 planowany do elektryfikacji w roku 1994, jednak plany te nie doczeka\u0142y si\u0119 realizacji. W 1999 dokonano likwidacji ruchu pasa\u017cerskiego, kursy pasa\u017cerkie ju\u017c wtedy nale\u017ca\u0142y do rzadko\u015bi (1 wieczorny sk\u0142ad do \u017bagania, kt\u00f3ry opuszcza\u0142 Jankow\u0119 o 19.56). Szlak mimo to nadal ma znaczenie w ruchu towarowym, jest cz\u0119\u015bci\u0105 mi\u0119dzynarodowego korytarza C59\/1 prowadz\u0105cego z Nowej Soli p. Ko\u017cuch\u00f3w, \u017baga\u0144, Jankow\u0119 \u017baga\u0144sk\u0105, W\u0119gliniec, Zgorzelec Miasto do Zawidowa (granica polsko &#8211; czeska). Korytarz tem jest boczn\u0105 odnog\u0105 szlaku towarowego oznaczonego jako CE 59. Dzi\u0119ki wytyczeniu mi\u0119dzynarodowego korytarza linia ta jest nadal u\u017cytkowana przez poci\u0105gi i nadal ma ona znaczenie pa\u0144stwowe. Przebieg linii jest niezwykle kr\u00f3tki, ale i tak znajduje si\u0119 tutaj kilka ciekawych obiekt\u00f3w in\u017cynieryjnych. Najciekawszym jest most nad rzek\u0105 Czerna (tu\u017c ko\u0142o ostatnich zabudowa\u0144 \u017bagania). W tym miejscu kolej biegnie po wysokim nasypie (ochrona przed erozyjn\u0105 dzia\u0142alno\u015bci\u0105 rzeki). Most jest na tyle ciekawy, \u017ce poprawadzono przez niego szlak turystyczny. Opr\u00f3cz tego mostu w przebiegu linii znajduje si\u0119 jeszcze kilka wiadukt\u00f3w, jeden z nich zosta\u0142 przebudowany przez co zatarto jego pierwotny wygl\u0105d.<\/p>\n<p><strong>Przebieg linii na terenie Ziemi Szprotawskiej:<\/strong><\/p>\n<p><center><img decoding=\"async\" src=\"http:\/\/koleje.szprotawa.org.pl\/theme\/default\/gfx\/p.gif\" alt=\"\" \/>\u00a0<a href=\"http:\/\/www.koleje.szprotawa.org.pl\/test\/zagan-stacja-wezlowa\/\">\u017baga\u0144 (stacja w\u0119z\u0142owa)<\/a><\/center><center><img decoding=\"async\" src=\"http:\/\/koleje.szprotawa.org.pl\/theme\/default\/gfx\/p.gif\" alt=\"\" \/>\u00a0<a href=\"http:\/\/www.koleje.szprotawa.org.pl\/test\/jankowa-zaganska-stacja-wezlowa\/\">Jankowa \u017baga\u0144ska (stacja w\u0119z\u0142owa)<\/a><\/center><\/p>\n","protected":false},"excerpt":{"rendered":"<p>Most kolejowy nad Czern\u0105 Szlak Jankowa \u017baga\u0144ska &#8211; \u017baga\u0144 liczy nieco ponad 11 kilometr\u00f3w. Jest to pozosta\u0142o\u015b\u0107 po powsta\u0142ej w 1846 linii o relacji Jankowa \u017baga\u0144ska &#8211; G\u0142og\u00f3w (tzw. Odnoga Dolno\u015bl\u0105ska). Umo\u017cliwi\u0142a ona po\u0142\u0105czenie \u017bagania, G\u0142ogowa, Szprotawy z magistral\u0105 Wroc\u0142aw &#8211; Berlin. Tym samym uczyni\u0142a z Jankowej najstarszy weze\u0142 kolejowy w okolicy. Znaczenie linii spad\u0142o &hellip; <a href=\"http:\/\/www.koleje.szprotawa.org.pl\/test\/linia-nr-389-zagan-jankowa-zaganska\/\" class=\"more-link\">Czytaj dalej <span class=\"screen-reader-text\">Linia nr 389 \u017baga\u0144 &#8211; Jankowa \u017baga\u0144ska<\/span><\/a><\/p>\n","protected":false},"author":1,"featured_media":0,"parent":0,"menu_order":0,"comment_status":"open","ping_status":"open","template":"","meta":[],"_links":{"self":[{"href":"http:\/\/www.koleje.szprotawa.org.pl\/test\/wp-json\/wp\/v2\/pages\/127"}],"collection":[{"href":"http:\/\/www.koleje.szprotawa.org.pl\/test\/wp-json\/wp\/v2\/pages"}],"about":[{"href":"http:\/\/www.koleje.szprotawa.org.pl\/test\/wp-json\/wp\/v2\/types\/page"}],"author":[{"embeddable":true,"href":"http:\/\/www.koleje.szprotawa.org.pl\/test\/wp-json\/wp\/v2\/users\/1"}],"replies":[{"embeddable":true,"href":"http:\/\/www.koleje.szprotawa.org.pl\/test\/wp-json\/wp\/v2\/comments?post=127"}],"version-history":[{"count":0,"href":"http:\/\/www.koleje.szprotawa.org.pl\/test\/wp-json\/wp\/v2\/pages\/127\/revisions"}],"wp:attachment":[{"href":"http:\/\/www.koleje.szprotawa.org.pl\/test\/wp-json\/wp\/v2\/media?parent=127"}],"curies":[{"name":"wp","href":"https:\/\/api.w.org\/{rel}","templated":true}]}}