{"id":124,"date":"2012-11-02T20:10:35","date_gmt":"2012-11-02T20:10:35","guid":{"rendered":"http:\/\/www.koleje.szprotawa.org.pl\/test\/?page_id=124"},"modified":"2015-07-23T17:25:05","modified_gmt":"2015-07-23T17:25:05","slug":"swietoszow-stacja-osobowa-i-towarowa","status":"publish","type":"page","link":"http:\/\/www.koleje.szprotawa.org.pl\/test\/swietoszow-stacja-osobowa-i-towarowa\/","title":{"rendered":"\u015awi\u0119tosz\u00f3w &#8211; stacja osobowa i towarowa"},"content":{"rendered":"<p><center><img decoding=\"async\" src=\"http:\/\/koleje.szprotawa.org.pl\/theme\/default\/gfx\/p.gif\" alt=\"\" \/>\u00a0<a href=\"https:\/\/plus.google.com\/u\/0\/photos\/118073372824682706200\/albums\/5980627915620205873\"><strong>Infrastruktura w 2014 roku <img decoding=\"async\" src=\"http:\/\/koleje.szprotawa.org.pl\/theme\/default\/gfx\/p.gif\" alt=\"\" \/>\u00a0<\/strong><\/a><strong><a href=\"http:\/\/kolejzg.tmnet.pl\/topic,1,Swietoszow,157,galeria.html\"><strong>Infrastruktura\u00a0 <\/strong><\/a><\/strong><img decoding=\"async\" src=\"http:\/\/koleje.szprotawa.org.pl\/theme\/default\/gfx\/p.gif\" alt=\"\" \/>\u00a0<a href=\"http:\/\/www.koleje.szprotawa.org.pl\/test\/archiwalne-rozklady-jazdy\/\"><strong>Rozk\u0142ady jazdy<\/strong><\/a><\/center><\/p>\n<p style=\"text-align: justify;\">Stacja po\u0142o\u017cona przy linii Jelenia G\u00f3ra &#8211; \u017baga\u0144 (odc. Zebrzydowa &#8211; \u017baga\u0144). Zosta\u0142a zlokalizowana po przeciwnej stronie Kwisy ni\u017c g\u0142\u00f3wna cz\u0119\u015b\u0107 miejscowo\u015bci. W jej sk\u0142ad wchodz\u0105 budynek dworca, wie\u017ca wodna, magazyn towarowy, rampa wy\u0142adunkowo &#8211; za\u0142adunkowa oraz kilka tor\u00f3w mijankowych (rampa i tory mijankowe administracyjne przynale\u017c\u0105 do wsi \u0141ozy w wojew\u00f3dztwie lubuskim, po wojnie zlokalizowano tam obiekt &#8211; sk\u0142ad paliw na potrzeby wojsk radzieckich stacjonuj\u0105cych w \u015awi\u0119toszowie).<\/p>\n<p style=\"text-align: justify;\">Ze stacji poprowadzono kolejk\u0119 w\u0105skotorow\u0105, kt\u00f3ra prowadzi\u0142a do jednostki wojskowej \u015awi\u0119tosz\u00f3w i dalej na poligon u\u0142atwiaj\u0105c transport towar\u00f3w na potrzeby wojska. Kolejka ta by\u0142a u\u017cywana jeszcze kilka lat po II wojnie, potem zosta\u0142a rozebrana.<\/p>\n<p style=\"text-align: justify;\">Sama stacja zosta\u0142a oddana do u\u017cytku w 1904 roku (otwarcie odcinka \u015awi\u0119tosz\u00f3w &#8211; \u0141awszowa nast\u0105pi\u0142o 1 grudnia 1904, odcinka do \u017bagania 1 sierpnia 1905) i s\u0142u\u017cy\u0142a do zamkni\u0119cia linii w 1991 roku. Oddano wtedy do u\u017cytku imponuj\u0105cy swoim wygl\u0105dem budynek dworca wraz z niezb\u0119dn\u0105 infrastruktur\u0105 (obiekt i infrastruktura by\u0142y wykorzystywane przez wojsko z pobliskiego poligonu i jednostki). Warto wspomnie\u0107, \u017ce nied\u0142ugo przed zamkni\u0119ciem linii wymieniono tory i podbicie.<\/p>\n<p style=\"text-align: justify;\">Od czasu likwidacji po\u0142\u0105cze\u0144 torowiska zarastaj\u0105 traw\u0105 i drzewami, budynek dworca zosta\u0142 w cz\u0119\u015bci zdewastowany, podobnie magazyn towarowy. Wiata nad peronem jest powoli rozbierana. We wn\u0119trzu dawnej stacji strasz\u0105 powybijane okna, porozrzucane dokumenty przewozowe, odpadaj\u0105ca farba.<\/p>\n<p style=\"text-align: justify;\">Na koniec warto jeszcze wspomnie\u0107, \u017ce obs\u0142uga zwrotnic stacyjnych nie by\u0142a dokonywana z nastawni, tylko przy budynku dworca znajdowa\u0142o si\u0119 kiedy\u015b pomieszczenie strerownicze, gdzie zlokalizowano mechanizmy do przestawiania zwrotnic.<\/p>\n<p><center><img decoding=\"async\" src=\"http:\/\/koleje.szprotawa.org.pl\/uploads\/images\/swietoszow01.jpg\" alt=\"\" \/><\/center><center><img decoding=\"async\" src=\"http:\/\/koleje.szprotawa.org.pl\/theme\/default\/gfx\/p.gif\" alt=\"\" \/>\u00a0<a href=\"http:\/\/www.koleje.szprotawa.org.pl\/test\/linia-nr-283-jelenia-gora-zagan\/\"><strong>Powr\u00f3t do odcinka Zebrzydowa &#8211; \u017baga\u0144<\/strong><\/a><\/center><\/p>\n","protected":false},"excerpt":{"rendered":"<p>\u00a0Infrastruktura w 2014 roku \u00a0Infrastruktura\u00a0 \u00a0Rozk\u0142ady jazdy Stacja po\u0142o\u017cona przy linii Jelenia G\u00f3ra &#8211; \u017baga\u0144 (odc. Zebrzydowa &#8211; \u017baga\u0144). Zosta\u0142a zlokalizowana po przeciwnej stronie Kwisy ni\u017c g\u0142\u00f3wna cz\u0119\u015b\u0107 miejscowo\u015bci. W jej sk\u0142ad wchodz\u0105 budynek dworca, wie\u017ca wodna, magazyn towarowy, rampa wy\u0142adunkowo &#8211; za\u0142adunkowa oraz kilka tor\u00f3w mijankowych (rampa i tory mijankowe administracyjne przynale\u017c\u0105 do wsi &hellip; <a href=\"http:\/\/www.koleje.szprotawa.org.pl\/test\/swietoszow-stacja-osobowa-i-towarowa\/\" class=\"more-link\">Czytaj dalej <span class=\"screen-reader-text\">\u015awi\u0119tosz\u00f3w &#8211; stacja osobowa i towarowa<\/span><\/a><\/p>\n","protected":false},"author":1,"featured_media":0,"parent":0,"menu_order":0,"comment_status":"open","ping_status":"open","template":"","meta":[],"_links":{"self":[{"href":"http:\/\/www.koleje.szprotawa.org.pl\/test\/wp-json\/wp\/v2\/pages\/124"}],"collection":[{"href":"http:\/\/www.koleje.szprotawa.org.pl\/test\/wp-json\/wp\/v2\/pages"}],"about":[{"href":"http:\/\/www.koleje.szprotawa.org.pl\/test\/wp-json\/wp\/v2\/types\/page"}],"author":[{"embeddable":true,"href":"http:\/\/www.koleje.szprotawa.org.pl\/test\/wp-json\/wp\/v2\/users\/1"}],"replies":[{"embeddable":true,"href":"http:\/\/www.koleje.szprotawa.org.pl\/test\/wp-json\/wp\/v2\/comments?post=124"}],"version-history":[{"count":0,"href":"http:\/\/www.koleje.szprotawa.org.pl\/test\/wp-json\/wp\/v2\/pages\/124\/revisions"}],"wp:attachment":[{"href":"http:\/\/www.koleje.szprotawa.org.pl\/test\/wp-json\/wp\/v2\/media?parent=124"}],"curies":[{"name":"wp","href":"https:\/\/api.w.org\/{rel}","templated":true}]}}