{"id":120,"date":"2012-11-02T20:08:21","date_gmt":"2012-11-02T20:08:21","guid":{"rendered":"http:\/\/www.koleje.szprotawa.org.pl\/test\/?page_id=120"},"modified":"2015-07-23T17:07:52","modified_gmt":"2015-07-23T17:07:52","slug":"120-2","status":"publish","type":"page","link":"http:\/\/www.koleje.szprotawa.org.pl\/test\/120-2\/","title":{"rendered":"Dobre nad Kwis\u0105 &#8211; przystanek osobowy"},"content":{"rendered":"<p><center><img decoding=\"async\" src=\"http:\/\/koleje.szprotawa.org.pl\/theme\/default\/gfx\/p.gif\" alt=\"\" \/>\u00a0<a href=\"http:\/\/kolejzg.tmnet.pl\/topic,1,Dobre_nad_Kwisa,155,galeria.html\"><strong>Infrastruktura<\/strong><\/a><img decoding=\"async\" src=\"http:\/\/koleje.szprotawa.org.pl\/theme\/default\/gfx\/p.gif\" alt=\"\" \/>\u00a0<a href=\"http:\/\/www.koleje.szprotawa.org.pl\/test\/archiwalne-rozklady-jazdy\/\"><strong>Rozk\u0142ady jazdy<\/strong><\/a><\/center><\/p>\n<p style=\"text-align: justify;\">Przystanek kolejowy Dobre nad Kwis\u0105 jest po\u0142o\u017cony na 94,41 kilometrze od stacji Jelenia G\u00f3ra. Zlokalizowano tam niewielki ziemny peron z utwardzon\u0105 krwadz\u0119dzi\u0105. Zachowa\u0142a si\u0119 tak\u017ce wiata przystankowa. Przystanek by\u0142 powi\u0105zany z pobliskim obiektem wojskowym, zatrzymywa\u0142y si\u0119 tutaj nie tylko poci\u0105gi osobowe, lecz tak\u017ce pospieszne. Obecnie peron zar\u00f3s\u0142, tak, \u017ce kraw\u0119d\u017a jest praktycznie niewidoczna.<\/p>\n<p><center><img decoding=\"async\" src=\"http:\/\/koleje.szprotawa.org.pl\/theme\/default\/gfx\/p.gif\" alt=\"\" \/>\u00a0<a href=\"http:\/\/www.koleje.szprotawa.org.pl\/test\/linia-nr-283-jelenia-gora-zagan\/\"><strong>Powr\u00f3t do odcinka Zebrzydowa &#8211; \u017baga\u0144<\/strong><\/a><\/center><\/p>\n","protected":false},"excerpt":{"rendered":"<p>\u00a0Infrastruktura\u00a0Rozk\u0142ady jazdy Przystanek kolejowy Dobre nad Kwis\u0105 jest po\u0142o\u017cony na 94,41 kilometrze od stacji Jelenia G\u00f3ra. Zlokalizowano tam niewielki ziemny peron z utwardzon\u0105 krwadz\u0119dzi\u0105. Zachowa\u0142a si\u0119 tak\u017ce wiata przystankowa. Przystanek by\u0142 powi\u0105zany z pobliskim obiektem wojskowym, zatrzymywa\u0142y si\u0119 tutaj nie tylko poci\u0105gi osobowe, lecz tak\u017ce pospieszne. Obecnie peron zar\u00f3s\u0142, tak, \u017ce kraw\u0119d\u017a jest praktycznie niewidoczna. &hellip; <a href=\"http:\/\/www.koleje.szprotawa.org.pl\/test\/120-2\/\" class=\"more-link\">Czytaj dalej <span class=\"screen-reader-text\">Dobre nad Kwis\u0105 &#8211; przystanek osobowy<\/span><\/a><\/p>\n","protected":false},"author":1,"featured_media":0,"parent":0,"menu_order":0,"comment_status":"open","ping_status":"open","template":"","meta":[],"_links":{"self":[{"href":"http:\/\/www.koleje.szprotawa.org.pl\/test\/wp-json\/wp\/v2\/pages\/120"}],"collection":[{"href":"http:\/\/www.koleje.szprotawa.org.pl\/test\/wp-json\/wp\/v2\/pages"}],"about":[{"href":"http:\/\/www.koleje.szprotawa.org.pl\/test\/wp-json\/wp\/v2\/types\/page"}],"author":[{"embeddable":true,"href":"http:\/\/www.koleje.szprotawa.org.pl\/test\/wp-json\/wp\/v2\/users\/1"}],"replies":[{"embeddable":true,"href":"http:\/\/www.koleje.szprotawa.org.pl\/test\/wp-json\/wp\/v2\/comments?post=120"}],"version-history":[{"count":0,"href":"http:\/\/www.koleje.szprotawa.org.pl\/test\/wp-json\/wp\/v2\/pages\/120\/revisions"}],"wp:attachment":[{"href":"http:\/\/www.koleje.szprotawa.org.pl\/test\/wp-json\/wp\/v2\/media?parent=120"}],"curies":[{"name":"wp","href":"https:\/\/api.w.org\/{rel}","templated":true}]}}