{"id":117,"date":"2012-11-02T20:06:48","date_gmt":"2012-11-02T20:06:48","guid":{"rendered":"http:\/\/www.koleje.szprotawa.org.pl\/test\/?page_id=117"},"modified":"2017-06-11T07:26:59","modified_gmt":"2017-06-11T07:26:59","slug":"trzebow-przystanek-osobowy","status":"publish","type":"page","link":"http:\/\/www.koleje.szprotawa.org.pl\/test\/trzebow-przystanek-osobowy\/","title":{"rendered":"Trzeb\u00f3w &#8211; stacja kolejowa"},"content":{"rendered":"<p><center><img decoding=\"async\" src=\"http:\/\/koleje.szprotawa.org.pl\/theme\/default\/gfx\/p.gif\" alt=\"\" \/>\u00a0<a href=\"http:\/\/kolejzg.tmnet.pl\/topic,1,Trzebow,154,galeria.html\"><strong>Infrastruktura<\/strong><\/a><img decoding=\"async\" src=\"http:\/\/koleje.szprotawa.org.pl\/theme\/default\/gfx\/p.gif\" alt=\"\" \/>\u00a0<a href=\"http:\/\/www.koleje.szprotawa.org.pl\/test\/archiwalne-rozklady-jazdy\/\"><strong>Rozk\u0142ady jazdy<\/strong><\/a><\/center><\/p>\n<p style=\"text-align: justify;\">Stacja kolejowa Trzeb\u00f3w jest po\u0142o\u017cona na 96,492 kilometrze od stacji Jelenia G\u00f3ra. Zlokalizowano tam 2 ziemne perony z utwardzonymi kraw\u0119dziami z uwagi na istnienie 2 tor\u00f3w &#8211; g\u0142\u00f3wnego przebiegaj\u0105cego nieco dalej od budynku stacji oraz dodatkowego le\u017c\u0105cego po wschodniej stronie toru g\u0142\u00f3wnego. Istnia\u0142 tak\u017ce budynek stacyjny, ale nie zachowa\u0142 si\u0119 do dzisiaj. Zachowa\u0142a si\u0119 tak\u017ce mocno zdewastowana ceglana rampa, co mo\u017ce \u015bwiadczy\u0107 o istnieniu jeszcze jednego toru wy\u0142adunkowego.<\/p>\n<p><img decoding=\"async\" class=\"aligncenter\" src=\"http:\/\/koleje.szprotawa.org.pl\/uploads\/images\/trzebow_budynek.png\" alt=\"Budynek stacji\" \/><\/p>\n<p style=\"text-align: justify;\">W okolicy stacji znajduje si\u0119 betonowy obiekt nieznanego przeznaczenia. By\u0107 mo\u017ce by\u0142 powi\u0105zany z kolej\u0105. Obecnie perony zaros\u0142y, tak, \u017ce kraw\u0119dzie s\u0105 praktycznie niewidoczne. Tabliczka z nazw\u0105 stacji znajduje si\u0119 jako eksponat w Muzeum Ziemi Szprotawskiej. Na uwag\u0119 zas\u0142uguje jeszcze fakt, \u017ce niedaleko tor\u00f3w znajduje si\u0119 budynek mieszkalny, kt\u00f3ry zachowa\u0142 si\u0119 do dzisiaj, prawdopodobnie obiekt by\u0142 miejscem zamieszkania kolejarzy obs\u0142uguj\u0105cych stacj\u0105 (architektura obiektu jest analogiczna z innymi tego typu budowanymi na potrzeby pracownik\u00f3w kolejowych). Dodatkowo w pobli\u017cu stacji znajduj\u0105 si\u0119 pozosta\u0142o\u015bci fabryki, z kt\u00f3rej dzisiaj zachowa\u0142y si\u0119 ruiny budynk\u00f3w, ogrodzenia oraz komin wystaj\u0105cy ponad poziom drzew. Niewykluczone, \u017ce ta fabryka korzysta\u0142a z kolei. Stacja w Trzebowie by\u0142a obiektem wsp\u00f3lnym tak\u017ce dla pobliskiej wsi Rudawica, za czas\u00f3w niemieckich mo\u017cna spotka\u0107 t\u0119 nazw\u0119 na kartkach pocztowych ukazuj\u0105cych obiekt z Trzebowa.<\/p>\n<p><center><img decoding=\"async\" src=\"http:\/\/koleje.szprotawa.org.pl\/uploads\/images\/trzebow.jpg\" alt=\"\" \/><\/center><center><img decoding=\"async\" src=\"http:\/\/koleje.szprotawa.org.pl\/theme\/default\/gfx\/p.gif\" alt=\"\" \/>\u00a0<a href=\"http:\/\/www.koleje.szprotawa.org.pl\/test\/linia-nr-283-jelenia-gora-zagan\/\"><strong>Powr\u00f3t do odcinka Zebrzydowa &#8211; \u017baga\u0144<\/strong><\/a><\/center><\/p>\n","protected":false},"excerpt":{"rendered":"<p>\u00a0Infrastruktura\u00a0Rozk\u0142ady jazdy Stacja kolejowa Trzeb\u00f3w jest po\u0142o\u017cona na 96,492 kilometrze od stacji Jelenia G\u00f3ra. Zlokalizowano tam 2 ziemne perony z utwardzonymi kraw\u0119dziami z uwagi na istnienie 2 tor\u00f3w &#8211; g\u0142\u00f3wnego przebiegaj\u0105cego nieco dalej od budynku stacji oraz dodatkowego le\u017c\u0105cego po wschodniej stronie toru g\u0142\u00f3wnego. Istnia\u0142 tak\u017ce budynek stacyjny, ale nie zachowa\u0142 si\u0119 do dzisiaj. Zachowa\u0142a &hellip; <a href=\"http:\/\/www.koleje.szprotawa.org.pl\/test\/trzebow-przystanek-osobowy\/\" class=\"more-link\">Czytaj dalej <span class=\"screen-reader-text\">Trzeb\u00f3w &#8211; stacja kolejowa<\/span><\/a><\/p>\n","protected":false},"author":1,"featured_media":0,"parent":0,"menu_order":0,"comment_status":"open","ping_status":"open","template":"","meta":[],"_links":{"self":[{"href":"http:\/\/www.koleje.szprotawa.org.pl\/test\/wp-json\/wp\/v2\/pages\/117"}],"collection":[{"href":"http:\/\/www.koleje.szprotawa.org.pl\/test\/wp-json\/wp\/v2\/pages"}],"about":[{"href":"http:\/\/www.koleje.szprotawa.org.pl\/test\/wp-json\/wp\/v2\/types\/page"}],"author":[{"embeddable":true,"href":"http:\/\/www.koleje.szprotawa.org.pl\/test\/wp-json\/wp\/v2\/users\/1"}],"replies":[{"embeddable":true,"href":"http:\/\/www.koleje.szprotawa.org.pl\/test\/wp-json\/wp\/v2\/comments?post=117"}],"version-history":[{"count":0,"href":"http:\/\/www.koleje.szprotawa.org.pl\/test\/wp-json\/wp\/v2\/pages\/117\/revisions"}],"wp:attachment":[{"href":"http:\/\/www.koleje.szprotawa.org.pl\/test\/wp-json\/wp\/v2\/media?parent=117"}],"curies":[{"name":"wp","href":"https:\/\/api.w.org\/{rel}","templated":true}]}}